{"id":9093,"date":"2023-07-10T10:42:25","date_gmt":"2023-07-10T08:42:25","guid":{"rendered":"https:\/\/jj06obepgl.preview.infomaniak.website\/aviso-legal\/"},"modified":"2023-12-07T09:56:05","modified_gmt":"2023-12-07T08:56:05","slug":"aviso-legal","status":"publish","type":"page","link":"https:\/\/www.sophysa.com\/pt-pt\/aviso-legal\/","title":{"rendered":"Aviso legal"},"content":{"rendered":"\t\t<div data-elementor-type=\"wp-page\" data-elementor-id=\"9093\" class=\"elementor elementor-9093 elementor-7590\" data-elementor-post-type=\"page\">\n\t\t\t\t\t\t<section class=\"elementor-section elementor-top-section elementor-element elementor-element-119733b elementor-section-boxed elementor-section-height-default elementor-section-height-default\" data-id=\"119733b\" data-element_type=\"section\">\n\t\t\t\t\t\t<div class=\"elementor-container elementor-column-gap-default\">\n\t\t\t\t\t<div class=\"elementor-column elementor-col-100 elementor-top-column elementor-element elementor-element-c0b40af\" data-id=\"c0b40af\" data-element_type=\"column\">\n\t\t\t<div class=\"elementor-widget-wrap elementor-element-populated\">\n\t\t\t\t\t\t<div class=\"elementor-element elementor-element-d1521de elementor-widget elementor-widget-breadcrumbs\" data-id=\"d1521de\" data-element_type=\"widget\" data-widget_type=\"breadcrumbs.default\">\n\t\t\t\t<div class=\"elementor-widget-container\">\n\t\t\t\t\t<p id=\"breadcrumbs\"><span><span><a href=\"https:\/\/www.sophysa.com\/pt-pt\/\">In\u00edcio<\/a><\/span><\/span><\/p>\t\t\t\t<\/div>\n\t\t\t\t<\/div>\n\t\t\t\t\t<\/div>\n\t\t<\/div>\n\t\t\t\t\t<\/div>\n\t\t<\/section>\n\t\t\t\t<section class=\"elementor-section elementor-top-section elementor-element elementor-element-dec1511 elementor-section-boxed elementor-section-height-default elementor-section-height-default\" data-id=\"dec1511\" data-element_type=\"section\">\n\t\t\t\t\t\t<div class=\"elementor-container elementor-column-gap-default\">\n\t\t\t\t\t<div class=\"elementor-column elementor-col-100 elementor-top-column elementor-element elementor-element-1419cb7\" data-id=\"1419cb7\" data-element_type=\"column\">\n\t\t\t<div class=\"elementor-widget-wrap elementor-element-populated\">\n\t\t\t\t\t\t<div class=\"elementor-element elementor-element-c1cef3f elementor-widget elementor-widget-heading\" data-id=\"c1cef3f\" data-element_type=\"widget\" data-widget_type=\"heading.default\">\n\t\t\t\t<div class=\"elementor-widget-container\">\n\t\t\t\t\t<h2 class=\"elementor-heading-title elementor-size-default\">Aviso legal<\/h2>\t\t\t\t<\/div>\n\t\t\t\t<\/div>\n\t\t\t\t<div class=\"elementor-element elementor-element-6e446e3 animated-slow elementor-widget-divider--view-line elementor-widget elementor-widget-divider\" data-id=\"6e446e3\" data-element_type=\"widget\" data-settings=\"{&quot;motion_fx_motion_fx_scrolling&quot;:&quot;yes&quot;,&quot;_animation&quot;:&quot;none&quot;,&quot;motion_fx_devices&quot;:[&quot;desktop&quot;,&quot;tablet_extra&quot;,&quot;tablet&quot;,&quot;mobile&quot;]}\" data-widget_type=\"divider.default\">\n\t\t\t\t<div class=\"elementor-widget-container\">\n\t\t\t\t\t\t\t<div class=\"elementor-divider\">\n\t\t\t<span class=\"elementor-divider-separator\">\n\t\t\t\t\t\t<\/span>\n\t\t<\/div>\n\t\t\t\t\t\t<\/div>\n\t\t\t\t<\/div>\n\t\t\t\t\t<\/div>\n\t\t<\/div>\n\t\t\t\t\t<\/div>\n\t\t<\/section>\n\t\t\t\t<section class=\"elementor-section elementor-top-section elementor-element elementor-element-0097929 elementor-section-boxed elementor-section-height-default elementor-section-height-default\" data-id=\"0097929\" data-element_type=\"section\">\n\t\t\t\t\t\t<div class=\"elementor-container elementor-column-gap-default\">\n\t\t\t\t\t<div class=\"elementor-column elementor-col-100 elementor-top-column elementor-element elementor-element-c6fa031\" data-id=\"c6fa031\" data-element_type=\"column\">\n\t\t\t<div class=\"elementor-widget-wrap elementor-element-populated\">\n\t\t\t\t\t\t<div class=\"elementor-element elementor-element-93327e8 elementor-widget elementor-widget-text-editor\" data-id=\"93327e8\" data-element_type=\"widget\" data-widget_type=\"text-editor.default\">\n\t\t\t\t<div class=\"elementor-widget-container\">\n\t\t\t\t\t\t\t\t\t<section class=\"section\">\n<div class=\"container\">\n<div class=\"cms\">\n<p><strong>I &#8211; Advert\u00eancia jur\u00eddica  <\/strong><\/p>\n<p><u>Propriet\u00e1rio do s\u00edtio Web<\/u>:<br \/>Sophysa<br \/>5, rue Guy-M\u00f4quet<br \/>91400 Orsay &#8211; FRAN\u00c7A<br \/>Telefone. : +33(0)1 69 35 35 00<\/p>\n<p>A Sophysa \u00e9 uma sociedade an\u00f3nima, com um capital social de 500 000 euros, registada no RCS (Registo Comercial e das Sociedades) de Evry, com o n\u00famero B 306 979 584.<\/p>\n<p><strong>II &#8211; Objetivo do presente s\u00edtio Web<\/strong><\/p>\n<p>Com este s\u00edtio Web, o objetivo da Sophysa \u00e9 dar uma vis\u00e3o global das suas gamas de produtos e das necessidades do mercado a que se destinam. A Sophysa fornece acesso aos seus dados internacionais, que podem conter refer\u00eancias a marcas e produtos Sophysa que podem n\u00e3o estar dispon\u00edveis no seu pa\u00eds. Estas refer\u00eancias n\u00e3o implicam que a Sophysa tenciona comercializar esses produtos no seu pa\u00eds. Para mais informa\u00e7\u00f5es, contactar Sophysa atrav\u00e9s do n\u00famero de telefone acima indicado ou em <a href=\"mailto:contact@sophysa.com\">contact@sophysa.com.<\/a><\/p>\n<p><strong>III &#8211; Direitos de autor e propriedade intelectual<\/strong><\/p>\n<p>Todos os conte\u00fados deste s\u00edtio Internet s\u00e3o propriedade ou controlados pela Sophysa e est\u00e3o protegidos pelas leis de direitos de autor a n\u00edvel mundial. O utilizador pode descarregar conte\u00fados apenas para uso pessoal e para fins n\u00e3o comerciais, mas n\u00e3o \u00e9 permitida qualquer modifica\u00e7\u00e3o ou reprodu\u00e7\u00e3o posterior dos conte\u00fados. O conte\u00fado n\u00e3o pode ser copiado ou utilizado de forma alguma. As marcas registadas, os nomes comerciais e os produtos contidos neste s\u00edtio Web est\u00e3o protegidos internacionalmente. N\u00e3o \u00e9 permitida a utiliza\u00e7\u00e3o de qualquer um deles sem a autoriza\u00e7\u00e3o pr\u00e9via por escrito dos propriet\u00e1rios deste site, exceto para identificar os produtos ou servi\u00e7os da empresa.<\/p>\n<p><strong>IV &#8211; Liga\u00e7\u00f5es de hipertexto<\/strong><\/p>\n<p>Este s\u00edtio pode conter liga\u00e7\u00f5es ou refer\u00eancias a outros s\u00edtios Web. Tenha em aten\u00e7\u00e3o que n\u00e3o controlamos outros s\u00edtios Web e que, em qualquer caso, o presente Aviso Legal n\u00e3o se aplica a esses s\u00edtios Web. Aconselhamos o utilizador a ler o Aviso Legal de todos os s\u00edtios Web que visita. Com o acordo pr\u00e9vio por escrito da Sophysa, a utiliza\u00e7\u00e3o de liga\u00e7\u00f5es de hipertexto que apontem para o Site Sophysa \u00e9 poss\u00edvel para todos os sites da Internet, com a exclus\u00e3o dos que difundem informa\u00e7\u00f5es racistas, pornogr\u00e1ficas, xen\u00f3fobas ou, de uma forma mais geral, informa\u00e7\u00f5es suscept\u00edveis de ferir os sentimentos das pessoas. \u00c9 estritamente proibido qualquer enquadramento do presente s\u00edtio Web por outros s\u00edtios de partes n\u00e3o ligadas ao grupo Tokibo.<\/p>\n<p><strong>V &#8211; Limita\u00e7\u00e3o da responsabilidade<\/strong><\/p>\n<p>Os propriet\u00e1rios deste s\u00edtio envidar\u00e3o todos os esfor\u00e7os razo\u00e1veis para incluir informa\u00e7\u00f5es actualizadas e exactas neste s\u00edtio da Internet, mas n\u00e3o fazem quaisquer representa\u00e7\u00f5es, garantias ou certezas quanto \u00e0 exatid\u00e3o, atualidade ou integridade das informa\u00e7\u00f5es fornecidas. Os propriet\u00e1rios deste s\u00edtio n\u00e3o ser\u00e3o respons\u00e1veis por quaisquer danos ou preju\u00edzos resultantes do seu acesso ou incapacidade de acesso a este s\u00edtio da Internet, ou da sua confian\u00e7a em qualquer informa\u00e7\u00e3o fornecida como mera conveni\u00eancia para os utilizadores deste s\u00edtio da Internet.<\/p>\n<p><strong>VI &#8211; Contactos<\/strong><\/p>\n<p>Se tiver quaisquer quest\u00f5es, coment\u00e1rios ou preocupa\u00e7\u00f5es sobre o Aviso Legal ou as pr\u00e1ticas de informa\u00e7\u00e3o deste s\u00edtio, contacte-nos da seguinte forma: <a href=\"mailto:contact@sophysa.com\">contact@sophysa.com.<\/a><\/p>\n<p><u>Alojamento do s\u00edtio:<\/u><br \/>INFOMANIAK NETWORK SA &#8211; 26, Avenue de la Praille &#8211; 1227 Carouge | Gen\u00e8ve &#8211; SUISSE<br \/>T\u00e9l.<br \/>\n: +41 22 820 35 44 &#8211; Fax : +41 22 301 67 69 <br \/>Correio eletr\u00f3nico: contact@infomaniak.ch<br \/>S\u00edtio Web : www.infomaniak.ch<\/p>\n<\/div>\n<\/div>\n<\/section>\n\t\t\t\t\t\t\t\t<\/div>\n\t\t\t\t<\/div>\n\t\t\t\t\t<\/div>\n\t\t<\/div>\n\t\t\t\t\t<\/div>\n\t\t<\/section>\n\t\t\t\t<\/div>\n\t\t","protected":false},"excerpt":{"rendered":"<p>Aviso legal I &#8211; Advert\u00eancia jur\u00eddica Propriet\u00e1rio do s\u00edtio Web:Sophysa5, rue Guy-M\u00f4quet91400 Orsay &#8211; FRAN\u00c7ATelefone. : +33(0)1 69 35 35 00 A Sophysa \u00e9 uma sociedade an\u00f3nima, com um capital social de 500 000 euros, registada no RCS (Registo Comercial e das Sociedades) de Evry, com o n\u00famero B 306 979 584. II &#8211; Objetivo [&hellip;]<\/p>\n","protected":false},"author":1,"featured_media":0,"parent":0,"menu_order":0,"comment_status":"closed","ping_status":"closed","template":"","meta":{"_acf_changed":false,"footnotes":""},"categories":[],"tags":[],"class_list":["post-9093","page","type-page","status-publish","hentry"],"acf":[],"yoast_head":"<!-- This site is optimized with the Yoast SEO plugin v26.1 - https:\/\/yoast.com\/wordpress\/plugins\/seo\/ -->\n<title>Aviso legal - Sophysa<\/title>\n<meta name=\"robots\" content=\"index, follow, max-snippet:-1, max-image-preview:large, max-video-preview:-1\" \/>\n<link rel=\"canonical\" href=\"https:\/\/www.sophysa.com\/pt-pt\/aviso-legal\/\" \/>\n<meta property=\"og:locale\" content=\"pt_PT\" \/>\n<meta property=\"og:type\" content=\"article\" \/>\n<meta property=\"og:title\" content=\"Aviso legal - Sophysa\" \/>\n<meta property=\"og:description\" content=\"Aviso legal I &#8211; Advert\u00eancia jur\u00eddica Propriet\u00e1rio do s\u00edtio Web:Sophysa5, rue Guy-M\u00f4quet91400 Orsay &#8211; FRAN\u00c7ATelefone. : +33(0)1 69 35 35 00 A Sophysa \u00e9 uma sociedade an\u00f3nima, com um capital social de 500 000 euros, registada no RCS (Registo Comercial e das Sociedades) de Evry, com o n\u00famero B 306 979 584. II &#8211; Objetivo [&hellip;]\" \/>\n<meta property=\"og:url\" content=\"https:\/\/www.sophysa.com\/pt-pt\/aviso-legal\/\" \/>\n<meta property=\"og:site_name\" content=\"Sophysa\" \/>\n<meta property=\"article:modified_time\" content=\"2023-12-07T08:56:05+00:00\" \/>\n<meta name=\"twitter:card\" content=\"summary_large_image\" \/>\n<meta name=\"twitter:label1\" content=\"Tempo estimado de leitura\" \/>\n\t<meta name=\"twitter:data1\" content=\"3 minutos\" \/>\n<script type=\"application\/ld+json\" class=\"yoast-schema-graph\">{\"@context\":\"https:\/\/schema.org\",\"@graph\":[{\"@type\":\"WebPage\",\"@id\":\"https:\/\/www.sophysa.com\/pt-pt\/aviso-legal\/\",\"url\":\"https:\/\/www.sophysa.com\/pt-pt\/aviso-legal\/\",\"name\":\"Aviso legal - Sophysa\",\"isPartOf\":{\"@id\":\"https:\/\/www.sophysa.com\/pt-pt\/#website\"},\"datePublished\":\"2023-07-10T08:42:25+00:00\",\"dateModified\":\"2023-12-07T08:56:05+00:00\",\"breadcrumb\":{\"@id\":\"https:\/\/www.sophysa.com\/pt-pt\/aviso-legal\/#breadcrumb\"},\"inLanguage\":\"pt-PT\",\"potentialAction\":[{\"@type\":\"ReadAction\",\"target\":[\"https:\/\/www.sophysa.com\/pt-pt\/aviso-legal\/\"]}]},{\"@type\":\"BreadcrumbList\",\"@id\":\"https:\/\/www.sophysa.com\/pt-pt\/aviso-legal\/#breadcrumb\",\"itemListElement\":[{\"@type\":\"ListItem\",\"position\":1,\"name\":\"In\u00edcio\",\"item\":\"https:\/\/www.sophysa.com\/pt-pt\/\"},{\"@type\":\"ListItem\",\"position\":2,\"name\":\"Aviso legal\"}]},{\"@type\":\"WebSite\",\"@id\":\"https:\/\/www.sophysa.com\/pt-pt\/#website\",\"url\":\"https:\/\/www.sophysa.com\/pt-pt\/\",\"name\":\"Sophysa\",\"description\":\"\",\"publisher\":{\"@id\":\"https:\/\/www.sophysa.com\/pt-pt\/#organization\"},\"potentialAction\":[{\"@type\":\"SearchAction\",\"target\":{\"@type\":\"EntryPoint\",\"urlTemplate\":\"https:\/\/www.sophysa.com\/pt-pt\/?s={search_term_string}\"},\"query-input\":{\"@type\":\"PropertyValueSpecification\",\"valueRequired\":true,\"valueName\":\"search_term_string\"}}],\"inLanguage\":\"pt-PT\"},{\"@type\":\"Organization\",\"@id\":\"https:\/\/www.sophysa.com\/pt-pt\/#organization\",\"name\":\"Sophysa\",\"url\":\"https:\/\/www.sophysa.com\/pt-pt\/\",\"logo\":{\"@type\":\"ImageObject\",\"inLanguage\":\"pt-PT\",\"@id\":\"https:\/\/www.sophysa.com\/pt-pt\/#\/schema\/logo\/image\/\",\"url\":\"https:\/\/www.sophysa.com\/wp-content\/uploads\/2023\/02\/sophysa_logo_couleurs-1-1-jpg.webp\",\"contentUrl\":\"https:\/\/www.sophysa.com\/wp-content\/uploads\/2023\/02\/sophysa_logo_couleurs-1-1-jpg.webp\",\"width\":350,\"height\":91,\"caption\":\"Sophysa\"},\"image\":{\"@id\":\"https:\/\/www.sophysa.com\/pt-pt\/#\/schema\/logo\/image\/\"}}]}<\/script>\n<!-- \/ Yoast SEO plugin. -->","yoast_head_json":{"title":"Aviso legal - Sophysa","robots":{"index":"index","follow":"follow","max-snippet":"max-snippet:-1","max-image-preview":"max-image-preview:large","max-video-preview":"max-video-preview:-1"},"canonical":"https:\/\/www.sophysa.com\/pt-pt\/aviso-legal\/","og_locale":"pt_PT","og_type":"article","og_title":"Aviso legal - Sophysa","og_description":"Aviso legal I &#8211; Advert\u00eancia jur\u00eddica Propriet\u00e1rio do s\u00edtio Web:Sophysa5, rue Guy-M\u00f4quet91400 Orsay &#8211; FRAN\u00c7ATelefone. : +33(0)1 69 35 35 00 A Sophysa \u00e9 uma sociedade an\u00f3nima, com um capital social de 500 000 euros, registada no RCS (Registo Comercial e das Sociedades) de Evry, com o n\u00famero B 306 979 584. II &#8211; Objetivo [&hellip;]","og_url":"https:\/\/www.sophysa.com\/pt-pt\/aviso-legal\/","og_site_name":"Sophysa","article_modified_time":"2023-12-07T08:56:05+00:00","twitter_card":"summary_large_image","twitter_misc":{"Tempo estimado de leitura":"3 minutos"},"schema":{"@context":"https:\/\/schema.org","@graph":[{"@type":"WebPage","@id":"https:\/\/www.sophysa.com\/pt-pt\/aviso-legal\/","url":"https:\/\/www.sophysa.com\/pt-pt\/aviso-legal\/","name":"Aviso legal - Sophysa","isPartOf":{"@id":"https:\/\/www.sophysa.com\/pt-pt\/#website"},"datePublished":"2023-07-10T08:42:25+00:00","dateModified":"2023-12-07T08:56:05+00:00","breadcrumb":{"@id":"https:\/\/www.sophysa.com\/pt-pt\/aviso-legal\/#breadcrumb"},"inLanguage":"pt-PT","potentialAction":[{"@type":"ReadAction","target":["https:\/\/www.sophysa.com\/pt-pt\/aviso-legal\/"]}]},{"@type":"BreadcrumbList","@id":"https:\/\/www.sophysa.com\/pt-pt\/aviso-legal\/#breadcrumb","itemListElement":[{"@type":"ListItem","position":1,"name":"In\u00edcio","item":"https:\/\/www.sophysa.com\/pt-pt\/"},{"@type":"ListItem","position":2,"name":"Aviso legal"}]},{"@type":"WebSite","@id":"https:\/\/www.sophysa.com\/pt-pt\/#website","url":"https:\/\/www.sophysa.com\/pt-pt\/","name":"Sophysa","description":"","publisher":{"@id":"https:\/\/www.sophysa.com\/pt-pt\/#organization"},"potentialAction":[{"@type":"SearchAction","target":{"@type":"EntryPoint","urlTemplate":"https:\/\/www.sophysa.com\/pt-pt\/?s={search_term_string}"},"query-input":{"@type":"PropertyValueSpecification","valueRequired":true,"valueName":"search_term_string"}}],"inLanguage":"pt-PT"},{"@type":"Organization","@id":"https:\/\/www.sophysa.com\/pt-pt\/#organization","name":"Sophysa","url":"https:\/\/www.sophysa.com\/pt-pt\/","logo":{"@type":"ImageObject","inLanguage":"pt-PT","@id":"https:\/\/www.sophysa.com\/pt-pt\/#\/schema\/logo\/image\/","url":"https:\/\/www.sophysa.com\/wp-content\/uploads\/2023\/02\/sophysa_logo_couleurs-1-1-jpg.webp","contentUrl":"https:\/\/www.sophysa.com\/wp-content\/uploads\/2023\/02\/sophysa_logo_couleurs-1-1-jpg.webp","width":350,"height":91,"caption":"Sophysa"},"image":{"@id":"https:\/\/www.sophysa.com\/pt-pt\/#\/schema\/logo\/image\/"}}]}},"_links":{"self":[{"href":"https:\/\/www.sophysa.com\/pt-pt\/wp-json\/wp\/v2\/pages\/9093","targetHints":{"allow":["GET"]}}],"collection":[{"href":"https:\/\/www.sophysa.com\/pt-pt\/wp-json\/wp\/v2\/pages"}],"about":[{"href":"https:\/\/www.sophysa.com\/pt-pt\/wp-json\/wp\/v2\/types\/page"}],"author":[{"embeddable":true,"href":"https:\/\/www.sophysa.com\/pt-pt\/wp-json\/wp\/v2\/users\/1"}],"replies":[{"embeddable":true,"href":"https:\/\/www.sophysa.com\/pt-pt\/wp-json\/wp\/v2\/comments?post=9093"}],"version-history":[{"count":1,"href":"https:\/\/www.sophysa.com\/pt-pt\/wp-json\/wp\/v2\/pages\/9093\/revisions"}],"predecessor-version":[{"id":9094,"href":"https:\/\/www.sophysa.com\/pt-pt\/wp-json\/wp\/v2\/pages\/9093\/revisions\/9094"}],"wp:attachment":[{"href":"https:\/\/www.sophysa.com\/pt-pt\/wp-json\/wp\/v2\/media?parent=9093"}],"wp:term":[{"taxonomy":"category","embeddable":true,"href":"https:\/\/www.sophysa.com\/pt-pt\/wp-json\/wp\/v2\/categories?post=9093"},{"taxonomy":"post_tag","embeddable":true,"href":"https:\/\/www.sophysa.com\/pt-pt\/wp-json\/wp\/v2\/tags?post=9093"}],"curies":[{"name":"wp","href":"https:\/\/api.w.org\/{rel}","templated":true}]}}