{"id":8773,"date":"2023-02-13T09:09:03","date_gmt":"2023-02-13T08:09:03","guid":{"rendered":"https:\/\/jj06obepgl.preview.infomaniak.website\/portas-de-acesso\/"},"modified":"2024-02-05T16:50:53","modified_gmt":"2024-02-05T15:50:53","slug":"portas-de-acesso","status":"publish","type":"page","link":"https:\/\/www.sophysa.com\/pt-pt\/produtos\/portas-de-acesso\/","title":{"rendered":"Portas de acesso"},"content":{"rendered":"\t\t<div data-elementor-type=\"wp-page\" data-elementor-id=\"8773\" class=\"elementor elementor-8773 elementor-428\" data-elementor-post-type=\"page\">\n\t\t\t\t\t\t<section class=\"elementor-section elementor-top-section elementor-element elementor-element-c1c7144 elementor-section-stretched elementor-section-height-min-height elementor-section-boxed elementor-section-height-default elementor-section-items-middle elementor-invisible\" data-id=\"c1c7144\" data-element_type=\"section\" data-settings=\"{&quot;stretch_section&quot;:&quot;section-stretched&quot;,&quot;background_background&quot;:&quot;classic&quot;,&quot;animation&quot;:&quot;fadeIn&quot;}\">\n\t\t\t\t\t\t<div class=\"elementor-container elementor-column-gap-default\">\n\t\t\t\t\t<div class=\"elementor-column elementor-col-50 elementor-top-column elementor-element elementor-element-4844d81\" data-id=\"4844d81\" data-element_type=\"column\">\n\t\t\t<div class=\"elementor-widget-wrap elementor-element-populated\">\n\t\t\t\t\t\t<div class=\"elementor-element elementor-element-a7ddc12 animated-slow nt-title-with-big-underline elementor-invisible elementor-widget elementor-widget-heading\" data-id=\"a7ddc12\" data-element_type=\"widget\" data-settings=\"{&quot;_animation&quot;:&quot;fadeInUp&quot;}\" data-widget_type=\"heading.default\">\n\t\t\t\t<div class=\"elementor-widget-container\">\n\t\t\t\t\t<h1 class=\"elementor-heading-title elementor-size-default\">Portas de acesso<\/h1>\t\t\t\t<\/div>\n\t\t\t\t<\/div>\n\t\t\t\t<div class=\"elementor-element elementor-element-d6ef102 animated-slow elementor-invisible elementor-widget elementor-widget-text-editor\" data-id=\"d6ef102\" data-element_type=\"widget\" data-settings=\"{&quot;_animation&quot;:&quot;fadeInUp&quot;}\" data-widget_type=\"text-editor.default\">\n\t\t\t\t<div class=\"elementor-widget-container\">\n\t\t\t\t\t\t\t\t\tA Sophysa desenvolveu o Soph-A-Port<sup>\u00ae<\/sup>, um dispositivo totalmente implant\u00e1vel concebido para fornecer acesso repetido a um local selecionado do corpo para seguran\u00e7a e conforto do paciente.\t\t\t\t\t\t\t\t<\/div>\n\t\t\t\t<\/div>\n\t\t\t\t\t<\/div>\n\t\t<\/div>\n\t\t\t\t<div class=\"elementor-column elementor-col-50 elementor-top-column elementor-element elementor-element-677a87e\" data-id=\"677a87e\" data-element_type=\"column\">\n\t\t\t<div class=\"elementor-widget-wrap\">\n\t\t\t\t\t\t\t<\/div>\n\t\t<\/div>\n\t\t\t\t\t<\/div>\n\t\t<\/section>\n\t\t\t\t<section class=\"elementor-section elementor-top-section elementor-element elementor-element-db11ba9 elementor-section-boxed elementor-section-height-default elementor-section-height-default\" data-id=\"db11ba9\" data-element_type=\"section\">\n\t\t\t\t\t\t<div class=\"elementor-container elementor-column-gap-extended\">\n\t\t\t\t\t<div class=\"elementor-column elementor-col-50 elementor-top-column elementor-element elementor-element-7330aea\" data-id=\"7330aea\" data-element_type=\"column\">\n\t\t\t<div class=\"elementor-widget-wrap elementor-element-populated\">\n\t\t\t\t\t\t<div class=\"elementor-element elementor-element-c1575fb elementor-widget elementor-widget-nt_widget_breadcrumb\" data-id=\"c1575fb\" data-element_type=\"widget\" data-widget_type=\"nt_widget_breadcrumb.default\">\n\t\t\t\t<div class=\"elementor-widget-container\">\n\t\t\t\t\t<div class=\"nt-breadcrumb-wrapper\">\r\n    <div class=\"nt-breadcrumb\" id=\"breadcrumbs\"><span><span><a href=\"https:\/\/www.sophysa.com\/pt-pt\/\">In\u00edcio<\/a><\/span><\/span><\/div><\/div>\r\n\t\t\t\t<\/div>\n\t\t\t\t<\/div>\n\t\t\t\t<div class=\"elementor-element elementor-element-c156398 elementor-widget elementor-widget-text-editor\" data-id=\"c156398\" data-element_type=\"widget\" data-widget_type=\"text-editor.default\">\n\t\t\t\t<div class=\"elementor-widget-container\">\n\t\t\t\t\t\t\t\t\tAs portas de acesso Soph-A-Port<sup>\u00ae<\/sup> caracterizam-se pelo seu design de baixo perfil e pelo conceito de liga\u00e7\u00e3o fi\u00e1vel. As portas de acesso existem em dois tamanhos, para adultos e crian\u00e7as. Est\u00e3o dispon\u00edveis v\u00e1rias portas de acesso implant\u00e1veis para administra\u00e7\u00e3o de medicamentos\t\t\t\t\t\t\t\t<\/div>\n\t\t\t\t<\/div>\n\t\t\t\t<div class=\"elementor-element elementor-element-43ddde3 elementor-align-left nt-home-button elementor-widget elementor-widget-button\" data-id=\"43ddde3\" data-element_type=\"widget\" data-widget_type=\"button.default\">\n\t\t\t\t<div class=\"elementor-widget-container\">\n\t\t\t\t\t\t\t\t\t<div class=\"elementor-button-wrapper\">\n\t\t\t\t\t<a class=\"elementor-button elementor-button-link elementor-size-sm\" href=\"#elementor-action%3Aaction%3Dpopup%3Aopen%26settings%3DeyJpZCI6MTA0MDQsInRvZ2dsZSI6ZmFsc2V9\">\n\t\t\t\t\t\t<span class=\"elementor-button-content-wrapper\">\n\t\t\t\t\t\t\t\t\t<span class=\"elementor-button-text\">Descubra o cat\u00e1logo sophysa<\/span>\n\t\t\t\t\t<\/span>\n\t\t\t\t\t<\/a>\n\t\t\t\t<\/div>\n\t\t\t\t\t\t\t\t<\/div>\n\t\t\t\t<\/div>\n\t\t\t\t\t<\/div>\n\t\t<\/div>\n\t\t\t\t<div class=\"elementor-column elementor-col-50 elementor-top-column elementor-element elementor-element-5b9ac5e\" data-id=\"5b9ac5e\" data-element_type=\"column\" data-settings=\"{&quot;background_background&quot;:&quot;classic&quot;}\">\n\t\t\t<div class=\"elementor-widget-wrap elementor-element-populated\">\n\t\t\t\t\t\t<div class=\"elementor-element elementor-element-3c58f93 elementor-invisible elementor-widget elementor-widget-image\" data-id=\"3c58f93\" data-element_type=\"widget\" data-settings=\"{&quot;_animation&quot;:&quot;fadeInUp&quot;}\" data-widget_type=\"image.default\">\n\t\t\t\t<div class=\"elementor-widget-container\">\n\t\t\t\t\t\t\t\t\t\t\t\t\t\t\t<img fetchpriority=\"high\" decoding=\"async\" width=\"570\" height=\"428\" src=\"https:\/\/www.sophysa.com\/wp-content\/uploads\/2023\/04\/accessport-jpg.webp\" class=\"attachment-large size-large wp-image-8700\" alt=\"\" srcset=\"https:\/\/www.sophysa.com\/wp-content\/uploads\/2023\/04\/accessport-jpg.webp 570w, https:\/\/www.sophysa.com\/wp-content\/uploads\/2023\/04\/accessport-300x225.webp 300w, https:\/\/www.sophysa.com\/wp-content\/uploads\/2023\/04\/accessport-16x12.webp 16w\" sizes=\"(max-width: 570px) 100vw, 570px\" \/>\t\t\t\t\t\t\t\t\t\t\t\t\t\t\t<\/div>\n\t\t\t\t<\/div>\n\t\t\t\t\t<\/div>\n\t\t<\/div>\n\t\t\t\t\t<\/div>\n\t\t<\/section>\n\t\t\t\t<section class=\"elementor-section elementor-top-section elementor-element elementor-element-155ea70 elementor-section-stretched elementor-section-boxed elementor-section-height-default elementor-section-height-default\" data-id=\"155ea70\" data-element_type=\"section\" data-settings=\"{&quot;stretch_section&quot;:&quot;section-stretched&quot;}\">\n\t\t\t\t\t\t<div class=\"elementor-container elementor-column-gap-default\">\n\t\t\t\t\t<div class=\"elementor-column elementor-col-100 elementor-top-column elementor-element elementor-element-7066007\" data-id=\"7066007\" data-element_type=\"column\">\n\t\t\t<div class=\"elementor-widget-wrap elementor-element-populated\">\n\t\t\t\t\t\t<div class=\"elementor-element elementor-element-d626c49 elementor-widget__width-inherit elementor-widget elementor-widget-heading\" data-id=\"d626c49\" data-element_type=\"widget\" data-settings=\"{&quot;motion_fx_motion_fx_scrolling&quot;:&quot;yes&quot;,&quot;motion_fx_translateX_effect&quot;:&quot;yes&quot;,&quot;motion_fx_translateX_speed&quot;:{&quot;unit&quot;:&quot;px&quot;,&quot;size&quot;:0.8,&quot;sizes&quot;:[]},&quot;motion_fx_devices&quot;:[&quot;desktop&quot;],&quot;motion_fx_translateX_affectedRange&quot;:{&quot;unit&quot;:&quot;%&quot;,&quot;size&quot;:&quot;&quot;,&quot;sizes&quot;:{&quot;start&quot;:0,&quot;end&quot;:100}}}\" data-widget_type=\"heading.default\">\n\t\t\t\t<div class=\"elementor-widget-container\">\n\t\t\t\t\t<h2 class=\"elementor-heading-title elementor-size-default\">OS NOSSOS PRODUTOS<\/h2>\t\t\t\t<\/div>\n\t\t\t\t<\/div>\n\t\t\t\t\t<\/div>\n\t\t<\/div>\n\t\t\t\t\t<\/div>\n\t\t<\/section>\n\t\t\t\t<section class=\"elementor-section elementor-top-section elementor-element elementor-element-8ad0c86 elementor-section-stretched elementor-section-boxed elementor-section-height-default elementor-section-height-default\" data-id=\"8ad0c86\" data-element_type=\"section\" data-settings=\"{&quot;background_background&quot;:&quot;classic&quot;,&quot;stretch_section&quot;:&quot;section-stretched&quot;}\">\n\t\t\t\t\t\t\t<div class=\"elementor-background-overlay\"><\/div>\n\t\t\t\t\t\t\t<div class=\"elementor-container elementor-column-gap-default\">\n\t\t\t\t\t<div class=\"elementor-column elementor-col-100 elementor-top-column elementor-element elementor-element-3a6f364\" data-id=\"3a6f364\" data-element_type=\"column\">\n\t\t\t<div class=\"elementor-widget-wrap elementor-element-populated\">\n\t\t\t\t\t\t<div class=\"theplus-equal-height elementor-element elementor-element-01f6e7f nt-carousel-produits elementor-widget elementor-widget-tp-dynamic-listing\" data-tp-equal-height-loadded=\".post-content-bottom\" data-id=\"01f6e7f\" data-element_type=\"widget\" data-widget_type=\"tp-dynamic-listing.default\">\n\t\t\t\t<div class=\"elementor-widget-container\">\n\t\t\t\t\t<div id=\"pt-plus-dynamic-listing\" class=\"dynamic-listing post69d6ec78556bb  list-carousel-slick dynamic-listing-custom hover-image- outer-slider-arrow     tp-dy-l-type-page_listing \"     data-slider_direction=\"false\" data-slide_speed=\"500\" data-slider_desktop_column=\"3\" data-steps_slide=\"2\" data-slider_draggable=\"true\" data-multi_drag=\"false\" data-slider_infinite=\"true\" data-slider_pause_hover=\"true\" data-slider_adaptive_height=\"false\" data-slider_animation=\"ease\" data-slider_autoplay=\"true\" data-autoplay_speed=\"3000\" data-slider_tablet_column=\"2\" data-tablet_steps_slide=\"1\" data-slider_responsive_tablet=\"no\" data-slider_mobile_column=\"1\" data-mobile_steps_slide=\"1\" data-slider_responsive_mobile=\"no\" data-slider_dots=\"false\" data-slider_dots_style=\"slick-dots \" data-slider_arrows=\"true\" data-slider_arrows_style=\"style-2\"  data-arrows_position=\"\"  data-arrow_bg_color=\"\"  data-arrow_icon_color=\"#F07F08\"  data-arrow_hover_bg_color=\"\"  data-arrow_hover_icon_color=\"#F07F08\"  data-slider_center_mode=\"true\"  data-center_padding=\"0\"  data-scale_center_slide=\"1\"  data-scale_normal_slide=\"0.8\"  data-opacity_normal_slide=\"0.7\"  data-slider_rows=\"1\"  data-id=\"post69d6ec78556bb\" data-style=\"custom\"  data-result=\"{&quot;carousel_direction&quot;:&quot;ltr&quot;}\" dir=ltr data-enable-isotope=\"1\" filter-type = \"normal\"><div id=\"post69d6ec78556bb\" class=\"tp-row post-inner-loop   post69d6ec78556bb    tp_list\" data-extparam= '{\"loading-opt\":\"skeleton\",\"URL-para\":\"\"}'    \"  data-widgetId = 01f6e7f><div class=\"grid-item metro-item      \">\t<article id=\"post-8980\" class=\"post-8980 page type-page status-publish has-post-thumbnail hentry tag-portas-de-acesso\">\n\t\t<div class=\"blog-list-content\">\t\t\n\t\t\t<div data-elementor-type=\"section\" data-elementor-id=\"8966\" class=\"elementor elementor-8966 elementor-6329\" data-elementor-post-type=\"elementor_library\">\n\t\t\t\t\t<section class=\"elementor-section elementor-top-section elementor-element elementor-element-ab41de6 elementor-section-boxed elementor-section-height-default elementor-section-height-default\" data-id=\"ab41de6\" data-element_type=\"section\">\n\t\t\t\t\t\t<div class=\"elementor-container elementor-column-gap-default\">\n\t\t\t\t\t<div class=\"elementor-column elementor-col-100 elementor-top-column elementor-element elementor-element-d9dfa1a\" data-id=\"d9dfa1a\" data-element_type=\"column\">\n\t\t\t<div class=\"elementor-widget-wrap elementor-element-populated\">\n\t\t\t\t\t\t<div class=\"elementor-element elementor-element-7b7e34a elementor-widget elementor-widget-text-editor\" data-id=\"7b7e34a\" data-element_type=\"widget\" data-widget_type=\"text-editor.default\">\n\t\t\t\t<div class=\"elementor-widget-container\">\n\t\t\t\t\t\t\t\t\t<a href=\"https:\/\/www.sophysa.com\/pt-pt\/tag\/portas-de-acesso\/\" rel=\"tag\">Portas de acesso<\/a>\t\t\t\t\t\t\t\t<\/div>\n\t\t\t\t<\/div>\n\t\t\t\t<div class=\"elementor-element elementor-element-39b00c7 elementor-widget elementor-widget-heading\" data-id=\"39b00c7\" data-element_type=\"widget\" data-widget_type=\"heading.default\">\n\t\t\t\t<div class=\"elementor-widget-container\">\n\t\t\t\t\t<h3 class=\"elementor-heading-title elementor-size-default\">Soph-A-Port\u00ae e portas de acesso<\/h3>\t\t\t\t<\/div>\n\t\t\t\t<\/div>\n\t\t\t\t<div class=\"elementor-element elementor-element-9b51a38 elementor-widget elementor-widget-image\" data-id=\"9b51a38\" data-element_type=\"widget\" data-widget_type=\"image.default\">\n\t\t\t\t<div class=\"elementor-widget-container\">\n\t\t\t\t\t\t\t\t\t\t\t\t\t\t\t<img decoding=\"async\" width=\"300\" height=\"191\" src=\"https:\/\/www.sophysa.com\/wp-content\/uploads\/2023\/06\/soph.png\" class=\"attachment-full size-full wp-image-8915\" alt=\"\" \/>\t\t\t\t\t\t\t\t\t\t\t\t\t\t\t<\/div>\n\t\t\t\t<\/div>\n\t\t\t\t<div class=\"elementor-element elementor-element-4eeed41 elementor-widget elementor-widget-text-editor\" data-id=\"4eeed41\" data-element_type=\"widget\" data-widget_type=\"text-editor.default\">\n\t\t\t\t<div class=\"elementor-widget-container\">\n\t\t\t\t\t\t\t\t\tPortas de acesso implant\u00e1veis\t\t\t\t\t\t\t\t<\/div>\n\t\t\t\t<\/div>\n\t\t\t\t<div class=\"elementor-element elementor-element-3a2cbd3 elementor-align-center nt-home-button nt-home-button--grey elementor-widget elementor-widget-button\" data-id=\"3a2cbd3\" data-element_type=\"widget\" data-widget_type=\"button.default\">\n\t\t\t\t<div class=\"elementor-widget-container\">\n\t\t\t\t\t\t\t\t\t<div class=\"elementor-button-wrapper\">\n\t\t\t\t\t<a class=\"elementor-button elementor-button-link elementor-size-sm\" href=\"https:\/\/www.sophysa.com\/pt-pt\/produtos\/portas-de-acesso\/soph-a-port-e-portas-de-acesso\/\">\n\t\t\t\t\t\t<span class=\"elementor-button-content-wrapper\">\n\t\t\t\t\t\t\t\t\t<span class=\"elementor-button-text\">SABER MAIS<\/span>\n\t\t\t\t\t<\/span>\n\t\t\t\t\t<\/a>\n\t\t\t\t<\/div>\n\t\t\t\t\t\t\t\t<\/div>\n\t\t\t\t<\/div>\n\t\t\t\t\t<\/div>\n\t\t<\/div>\n\t\t\t\t\t<\/div>\n\t\t<\/section>\n\t\t\t\t<\/div>\n\t\t\t\t<\/div>\n\t<\/article>\n\t<\/div><\/div><\/div>\t\t\t\t<\/div>\n\t\t\t\t<\/div>\n\t\t\t\t\t<\/div>\n\t\t<\/div>\n\t\t\t\t\t<\/div>\n\t\t<\/section>\n\t\t\t\t<\/div>\n\t\t","protected":false},"excerpt":{"rendered":"<p>Portas de acesso A Sophysa desenvolveu o Soph-A-Port\u00ae, um dispositivo totalmente implant\u00e1vel concebido para fornecer acesso repetido a um local selecionado do corpo para seguran\u00e7a e conforto do paciente. Accueil As portas de acesso Soph-A-Port\u00ae caracterizam-se pelo seu design de baixo perfil e pelo conceito de liga\u00e7\u00e3o fi\u00e1vel. As portas de acesso existem em dois [&hellip;]<\/p>\n","protected":false},"author":1,"featured_media":0,"parent":9043,"menu_order":3,"comment_status":"closed","ping_status":"closed","template":"","meta":{"_acf_changed":false,"footnotes":""},"categories":[],"tags":[],"class_list":["post-8773","page","type-page","status-publish","hentry"],"acf":[],"yoast_head":"<!-- This site is optimized with the Yoast SEO plugin v26.1 - https:\/\/yoast.com\/wordpress\/plugins\/seo\/ -->\n<title>Portas de acesso - Sophysa<\/title>\n<meta name=\"robots\" content=\"index, follow, max-snippet:-1, max-image-preview:large, max-video-preview:-1\" \/>\n<link rel=\"canonical\" href=\"https:\/\/www.sophysa.com\/pt-pt\/produtos\/portas-de-acesso\/\" \/>\n<meta property=\"og:locale\" content=\"pt_PT\" \/>\n<meta property=\"og:type\" content=\"article\" \/>\n<meta property=\"og:title\" content=\"Portas de acesso - Sophysa\" \/>\n<meta property=\"og:description\" content=\"Portas de acesso A Sophysa desenvolveu o Soph-A-Port\u00ae, um dispositivo totalmente implant\u00e1vel concebido para fornecer acesso repetido a um local selecionado do corpo para seguran\u00e7a e conforto do paciente. Accueil As portas de acesso Soph-A-Port\u00ae caracterizam-se pelo seu design de baixo perfil e pelo conceito de liga\u00e7\u00e3o fi\u00e1vel. As portas de acesso existem em dois [&hellip;]\" \/>\n<meta property=\"og:url\" content=\"https:\/\/www.sophysa.com\/pt-pt\/produtos\/portas-de-acesso\/\" \/>\n<meta property=\"og:site_name\" content=\"Sophysa\" \/>\n<meta property=\"article:modified_time\" content=\"2024-02-05T15:50:53+00:00\" \/>\n<meta property=\"og:image\" content=\"https:\/\/www.sophysa.com\/wp-content\/uploads\/2023\/04\/accessport-jpg.webp\" \/>\n<meta name=\"twitter:card\" content=\"summary_large_image\" \/>\n<meta name=\"twitter:label1\" content=\"Tempo estimado de leitura\" \/>\n\t<meta name=\"twitter:data1\" content=\"2 minutos\" \/>\n<script type=\"application\/ld+json\" class=\"yoast-schema-graph\">{\"@context\":\"https:\/\/schema.org\",\"@graph\":[{\"@type\":\"WebPage\",\"@id\":\"https:\/\/www.sophysa.com\/pt-pt\/produtos\/portas-de-acesso\/\",\"url\":\"https:\/\/www.sophysa.com\/pt-pt\/produtos\/portas-de-acesso\/\",\"name\":\"Portas de acesso - Sophysa\",\"isPartOf\":{\"@id\":\"https:\/\/www.sophysa.com\/pt-pt\/#website\"},\"primaryImageOfPage\":{\"@id\":\"https:\/\/www.sophysa.com\/pt-pt\/produtos\/portas-de-acesso\/#primaryimage\"},\"image\":{\"@id\":\"https:\/\/www.sophysa.com\/pt-pt\/produtos\/portas-de-acesso\/#primaryimage\"},\"thumbnailUrl\":\"https:\/\/www.sophysa.com\/wp-content\/uploads\/2023\/04\/accessport-jpg.webp\",\"datePublished\":\"2023-02-13T08:09:03+00:00\",\"dateModified\":\"2024-02-05T15:50:53+00:00\",\"breadcrumb\":{\"@id\":\"https:\/\/www.sophysa.com\/pt-pt\/produtos\/portas-de-acesso\/#breadcrumb\"},\"inLanguage\":\"pt-PT\",\"potentialAction\":[{\"@type\":\"ReadAction\",\"target\":[\"https:\/\/www.sophysa.com\/pt-pt\/produtos\/portas-de-acesso\/\"]}]},{\"@type\":\"ImageObject\",\"inLanguage\":\"pt-PT\",\"@id\":\"https:\/\/www.sophysa.com\/pt-pt\/produtos\/portas-de-acesso\/#primaryimage\",\"url\":\"https:\/\/www.sophysa.com\/wp-content\/uploads\/2023\/04\/accessport-jpg.webp\",\"contentUrl\":\"https:\/\/www.sophysa.com\/wp-content\/uploads\/2023\/04\/accessport-jpg.webp\"},{\"@type\":\"BreadcrumbList\",\"@id\":\"https:\/\/www.sophysa.com\/pt-pt\/produtos\/portas-de-acesso\/#breadcrumb\",\"itemListElement\":[{\"@type\":\"ListItem\",\"position\":1,\"name\":\"In\u00edcio\",\"item\":\"https:\/\/www.sophysa.com\/pt-pt\/\"},{\"@type\":\"ListItem\",\"position\":2,\"name\":\"Produtos\",\"item\":\"#\"},{\"@type\":\"ListItem\",\"position\":3,\"name\":\"Portas de acesso\"}]},{\"@type\":\"WebSite\",\"@id\":\"https:\/\/www.sophysa.com\/pt-pt\/#website\",\"url\":\"https:\/\/www.sophysa.com\/pt-pt\/\",\"name\":\"Sophysa\",\"description\":\"\",\"publisher\":{\"@id\":\"https:\/\/www.sophysa.com\/pt-pt\/#organization\"},\"potentialAction\":[{\"@type\":\"SearchAction\",\"target\":{\"@type\":\"EntryPoint\",\"urlTemplate\":\"https:\/\/www.sophysa.com\/pt-pt\/?s={search_term_string}\"},\"query-input\":{\"@type\":\"PropertyValueSpecification\",\"valueRequired\":true,\"valueName\":\"search_term_string\"}}],\"inLanguage\":\"pt-PT\"},{\"@type\":\"Organization\",\"@id\":\"https:\/\/www.sophysa.com\/pt-pt\/#organization\",\"name\":\"Sophysa\",\"url\":\"https:\/\/www.sophysa.com\/pt-pt\/\",\"logo\":{\"@type\":\"ImageObject\",\"inLanguage\":\"pt-PT\",\"@id\":\"https:\/\/www.sophysa.com\/pt-pt\/#\/schema\/logo\/image\/\",\"url\":\"https:\/\/www.sophysa.com\/wp-content\/uploads\/2023\/02\/sophysa_logo_couleurs-1-1-jpg.webp\",\"contentUrl\":\"https:\/\/www.sophysa.com\/wp-content\/uploads\/2023\/02\/sophysa_logo_couleurs-1-1-jpg.webp\",\"width\":350,\"height\":91,\"caption\":\"Sophysa\"},\"image\":{\"@id\":\"https:\/\/www.sophysa.com\/pt-pt\/#\/schema\/logo\/image\/\"}}]}<\/script>\n<!-- \/ Yoast SEO plugin. -->","yoast_head_json":{"title":"Portas de acesso - Sophysa","robots":{"index":"index","follow":"follow","max-snippet":"max-snippet:-1","max-image-preview":"max-image-preview:large","max-video-preview":"max-video-preview:-1"},"canonical":"https:\/\/www.sophysa.com\/pt-pt\/produtos\/portas-de-acesso\/","og_locale":"pt_PT","og_type":"article","og_title":"Portas de acesso - Sophysa","og_description":"Portas de acesso A Sophysa desenvolveu o Soph-A-Port\u00ae, um dispositivo totalmente implant\u00e1vel concebido para fornecer acesso repetido a um local selecionado do corpo para seguran\u00e7a e conforto do paciente. Accueil As portas de acesso Soph-A-Port\u00ae caracterizam-se pelo seu design de baixo perfil e pelo conceito de liga\u00e7\u00e3o fi\u00e1vel. As portas de acesso existem em dois [&hellip;]","og_url":"https:\/\/www.sophysa.com\/pt-pt\/produtos\/portas-de-acesso\/","og_site_name":"Sophysa","article_modified_time":"2024-02-05T15:50:53+00:00","og_image":[{"url":"https:\/\/www.sophysa.com\/wp-content\/uploads\/2023\/04\/accessport-jpg.webp","type":"","width":"","height":""}],"twitter_card":"summary_large_image","twitter_misc":{"Tempo estimado de leitura":"2 minutos"},"schema":{"@context":"https:\/\/schema.org","@graph":[{"@type":"WebPage","@id":"https:\/\/www.sophysa.com\/pt-pt\/produtos\/portas-de-acesso\/","url":"https:\/\/www.sophysa.com\/pt-pt\/produtos\/portas-de-acesso\/","name":"Portas de acesso - Sophysa","isPartOf":{"@id":"https:\/\/www.sophysa.com\/pt-pt\/#website"},"primaryImageOfPage":{"@id":"https:\/\/www.sophysa.com\/pt-pt\/produtos\/portas-de-acesso\/#primaryimage"},"image":{"@id":"https:\/\/www.sophysa.com\/pt-pt\/produtos\/portas-de-acesso\/#primaryimage"},"thumbnailUrl":"https:\/\/www.sophysa.com\/wp-content\/uploads\/2023\/04\/accessport-jpg.webp","datePublished":"2023-02-13T08:09:03+00:00","dateModified":"2024-02-05T15:50:53+00:00","breadcrumb":{"@id":"https:\/\/www.sophysa.com\/pt-pt\/produtos\/portas-de-acesso\/#breadcrumb"},"inLanguage":"pt-PT","potentialAction":[{"@type":"ReadAction","target":["https:\/\/www.sophysa.com\/pt-pt\/produtos\/portas-de-acesso\/"]}]},{"@type":"ImageObject","inLanguage":"pt-PT","@id":"https:\/\/www.sophysa.com\/pt-pt\/produtos\/portas-de-acesso\/#primaryimage","url":"https:\/\/www.sophysa.com\/wp-content\/uploads\/2023\/04\/accessport-jpg.webp","contentUrl":"https:\/\/www.sophysa.com\/wp-content\/uploads\/2023\/04\/accessport-jpg.webp"},{"@type":"BreadcrumbList","@id":"https:\/\/www.sophysa.com\/pt-pt\/produtos\/portas-de-acesso\/#breadcrumb","itemListElement":[{"@type":"ListItem","position":1,"name":"In\u00edcio","item":"https:\/\/www.sophysa.com\/pt-pt\/"},{"@type":"ListItem","position":2,"name":"Produtos","item":"#"},{"@type":"ListItem","position":3,"name":"Portas de acesso"}]},{"@type":"WebSite","@id":"https:\/\/www.sophysa.com\/pt-pt\/#website","url":"https:\/\/www.sophysa.com\/pt-pt\/","name":"Sophysa","description":"","publisher":{"@id":"https:\/\/www.sophysa.com\/pt-pt\/#organization"},"potentialAction":[{"@type":"SearchAction","target":{"@type":"EntryPoint","urlTemplate":"https:\/\/www.sophysa.com\/pt-pt\/?s={search_term_string}"},"query-input":{"@type":"PropertyValueSpecification","valueRequired":true,"valueName":"search_term_string"}}],"inLanguage":"pt-PT"},{"@type":"Organization","@id":"https:\/\/www.sophysa.com\/pt-pt\/#organization","name":"Sophysa","url":"https:\/\/www.sophysa.com\/pt-pt\/","logo":{"@type":"ImageObject","inLanguage":"pt-PT","@id":"https:\/\/www.sophysa.com\/pt-pt\/#\/schema\/logo\/image\/","url":"https:\/\/www.sophysa.com\/wp-content\/uploads\/2023\/02\/sophysa_logo_couleurs-1-1-jpg.webp","contentUrl":"https:\/\/www.sophysa.com\/wp-content\/uploads\/2023\/02\/sophysa_logo_couleurs-1-1-jpg.webp","width":350,"height":91,"caption":"Sophysa"},"image":{"@id":"https:\/\/www.sophysa.com\/pt-pt\/#\/schema\/logo\/image\/"}}]}},"_links":{"self":[{"href":"https:\/\/www.sophysa.com\/pt-pt\/wp-json\/wp\/v2\/pages\/8773","targetHints":{"allow":["GET"]}}],"collection":[{"href":"https:\/\/www.sophysa.com\/pt-pt\/wp-json\/wp\/v2\/pages"}],"about":[{"href":"https:\/\/www.sophysa.com\/pt-pt\/wp-json\/wp\/v2\/types\/page"}],"author":[{"embeddable":true,"href":"https:\/\/www.sophysa.com\/pt-pt\/wp-json\/wp\/v2\/users\/1"}],"replies":[{"embeddable":true,"href":"https:\/\/www.sophysa.com\/pt-pt\/wp-json\/wp\/v2\/comments?post=8773"}],"version-history":[{"count":11,"href":"https:\/\/www.sophysa.com\/pt-pt\/wp-json\/wp\/v2\/pages\/8773\/revisions"}],"predecessor-version":[{"id":10474,"href":"https:\/\/www.sophysa.com\/pt-pt\/wp-json\/wp\/v2\/pages\/8773\/revisions\/10474"}],"up":[{"embeddable":true,"href":"https:\/\/www.sophysa.com\/pt-pt\/wp-json\/wp\/v2\/pages\/9043"}],"wp:attachment":[{"href":"https:\/\/www.sophysa.com\/pt-pt\/wp-json\/wp\/v2\/media?parent=8773"}],"wp:term":[{"taxonomy":"category","embeddable":true,"href":"https:\/\/www.sophysa.com\/pt-pt\/wp-json\/wp\/v2\/categories?post=8773"},{"taxonomy":"post_tag","embeddable":true,"href":"https:\/\/www.sophysa.com\/pt-pt\/wp-json\/wp\/v2\/tags?post=8773"}],"curies":[{"name":"wp","href":"https:\/\/api.w.org\/{rel}","templated":true}]}}