{"id":7189,"date":"2023-07-10T10:42:25","date_gmt":"2023-07-10T08:42:25","guid":{"rendered":"https:\/\/www.sophysa.com\/?page_id=7189"},"modified":"2023-09-26T15:12:32","modified_gmt":"2023-09-26T13:12:32","slug":"mentions-legales","status":"publish","type":"page","link":"https:\/\/www.sophysa.com\/fr\/mentions-legales\/","title":{"rendered":"Mentions l\u00e9gales"},"content":{"rendered":"\t\t<div data-elementor-type=\"wp-page\" data-elementor-id=\"7189\" class=\"elementor elementor-7189\" data-elementor-post-type=\"page\">\n\t\t\t\t\t\t<section class=\"elementor-section elementor-top-section elementor-element elementor-element-119733b elementor-section-boxed elementor-section-height-default elementor-section-height-default\" data-id=\"119733b\" data-element_type=\"section\">\n\t\t\t\t\t\t<div class=\"elementor-container elementor-column-gap-default\">\n\t\t\t\t\t<div class=\"elementor-column elementor-col-100 elementor-top-column elementor-element elementor-element-c0b40af\" data-id=\"c0b40af\" data-element_type=\"column\">\n\t\t\t<div class=\"elementor-widget-wrap elementor-element-populated\">\n\t\t\t\t\t\t<div class=\"elementor-element elementor-element-d1521de elementor-widget elementor-widget-breadcrumbs\" data-id=\"d1521de\" data-element_type=\"widget\" data-widget_type=\"breadcrumbs.default\">\n\t\t\t\t<div class=\"elementor-widget-container\">\n\t\t\t\t\t<p id=\"breadcrumbs\"><span><span><a href=\"https:\/\/www.sophysa.com\/fr\/\">Accueil<\/a><\/span><\/span><\/p>\t\t\t\t<\/div>\n\t\t\t\t<\/div>\n\t\t\t\t\t<\/div>\n\t\t<\/div>\n\t\t\t\t\t<\/div>\n\t\t<\/section>\n\t\t\t\t<section class=\"elementor-section elementor-top-section elementor-element elementor-element-dec1511 elementor-section-boxed elementor-section-height-default elementor-section-height-default\" data-id=\"dec1511\" data-element_type=\"section\">\n\t\t\t\t\t\t<div class=\"elementor-container elementor-column-gap-default\">\n\t\t\t\t\t<div class=\"elementor-column elementor-col-100 elementor-top-column elementor-element elementor-element-1419cb7\" data-id=\"1419cb7\" data-element_type=\"column\">\n\t\t\t<div class=\"elementor-widget-wrap elementor-element-populated\">\n\t\t\t\t\t\t<div class=\"elementor-element elementor-element-c1cef3f elementor-widget elementor-widget-heading\" data-id=\"c1cef3f\" data-element_type=\"widget\" data-widget_type=\"heading.default\">\n\t\t\t\t<div class=\"elementor-widget-container\">\n\t\t\t\t\t<h2 class=\"elementor-heading-title elementor-size-default\">Mentions l\u00e9gales<\/h2>\t\t\t\t<\/div>\n\t\t\t\t<\/div>\n\t\t\t\t<div class=\"elementor-element elementor-element-6e446e3 animated-slow elementor-widget-divider--view-line elementor-widget elementor-widget-divider\" data-id=\"6e446e3\" data-element_type=\"widget\" data-settings=\"{&quot;motion_fx_motion_fx_scrolling&quot;:&quot;yes&quot;,&quot;_animation&quot;:&quot;none&quot;,&quot;motion_fx_devices&quot;:[&quot;desktop&quot;,&quot;tablet_extra&quot;,&quot;tablet&quot;,&quot;mobile&quot;]}\" data-widget_type=\"divider.default\">\n\t\t\t\t<div class=\"elementor-widget-container\">\n\t\t\t\t\t\t\t<div class=\"elementor-divider\">\n\t\t\t<span class=\"elementor-divider-separator\">\n\t\t\t\t\t\t<\/span>\n\t\t<\/div>\n\t\t\t\t\t\t<\/div>\n\t\t\t\t<\/div>\n\t\t\t\t\t<\/div>\n\t\t<\/div>\n\t\t\t\t\t<\/div>\n\t\t<\/section>\n\t\t\t\t<section class=\"elementor-section elementor-top-section elementor-element elementor-element-0097929 elementor-section-boxed elementor-section-height-default elementor-section-height-default\" data-id=\"0097929\" data-element_type=\"section\">\n\t\t\t\t\t\t<div class=\"elementor-container elementor-column-gap-default\">\n\t\t\t\t\t<div class=\"elementor-column elementor-col-100 elementor-top-column elementor-element elementor-element-c6fa031\" data-id=\"c6fa031\" data-element_type=\"column\">\n\t\t\t<div class=\"elementor-widget-wrap elementor-element-populated\">\n\t\t\t\t\t\t<div class=\"elementor-element elementor-element-93327e8 elementor-widget elementor-widget-text-editor\" data-id=\"93327e8\" data-element_type=\"widget\" data-widget_type=\"text-editor.default\">\n\t\t\t\t<div class=\"elementor-widget-container\">\n\t\t\t\t\t\t\t\t\t<section class=\"section\"><div class=\"container\"><div class=\"cms\"><p><strong>I \u2013 Mentions l\u00e9gales <\/strong><\/p><p><u>Directeur de la publication<\/u>\u00a0:<br \/>Sophysa<br \/>5, rue Guy-M\u00f4quet<br \/>91400 Orsay \u2013 FRANCE<br \/>T\u00e9l.\u00a0: +33(0)1 69 35 35 00<\/p><p>Sophysa est une soci\u00e9t\u00e9 anonyme, au capital de 500\u00a0000\u00a0\u20ac, immatricul\u00e9e au RCS d\u2019\u00c9vry sous le num\u00e9ro B\u00a0306\u00a0979\u00a0584.<\/p><p><strong>II \u2013 Objet de ce site<\/strong><\/p><p>Avec ce site Web, l\u2019objectif de Sophysa est de donner un aper\u00e7u complet de ses gammes de produits et des besoins auxquels ils r\u00e9pondent sur le march\u00e9. Sophysa donne acc\u00e8s \u00e0 ses donn\u00e9es internationales, qui peuvent contenir des r\u00e9f\u00e9rences aux marques et aux produits de Sophysa qui pourraient ne pas \u00eatre disponibles dans votre pays. Ces r\u00e9f\u00e9rences n\u2019impliquent pas que Sophysa a l\u2019intention de commercialiser ces produits dans votre pays. Pour de plus amples renseignements, veuillez contacter Sophysa au num\u00e9ro de t\u00e9l\u00e9phone ci-dessus ou \u00e0\u00a0<a href=\"mailto:contact@sophysa.com\">contact@sophysa.com<\/a>.<\/p><p><strong>III \u2013 Droits d\u2019auteur et propri\u00e9t\u00e9 intellectuelle<\/strong><\/p><p>Tous les contenus de ce site Internet sont d\u00e9tenus ou contr\u00f4l\u00e9s par Sophysa et sont prot\u00e9g\u00e9s par les lois mondiales sur le droit d\u2019auteur. Vous pouvez t\u00e9l\u00e9charger du contenu uniquement pour votre usage personnel \u00e0 des fins non commerciales, mais aucune modification ou reproduction du contenu n\u2019est autoris\u00e9e. Le contenu ne peut \u00eatre copi\u00e9 ni utilis\u00e9 de quelque mani\u00e8re que ce soit. Les marques de commerce, noms commerciaux et produits de ce site Web sont prot\u00e9g\u00e9s \u00e0 l\u2019\u00e9chelle internationale. Aucune utilisation de l\u2019un d\u2019entre eux ne peut \u00eatre faite sans l\u2019autorisation \u00e9crite pr\u00e9alable des propri\u00e9taires de ce site, sauf pour identifier les produits ou services de l\u2019entreprise.<\/p><p><strong>IV \u2013 Liens hypertextes<\/strong><\/p><p>Ce site peut contenir des liens ou des r\u00e9f\u00e9rences \u00e0 d\u2019autres sites Web. Veuillez noter que nous ne contr\u00f4lons pas d\u2019autres sites Web et que, dans tous les cas, les pr\u00e9sentes Mentions l\u00e9gales ne s\u2019appliquent pas \u00e0 ces sites Web. Nous vous invitons \u00e0 lire les Mentions l\u00e9gales de chaque site Web que vous visitez. Avec l\u2019accord \u00e9crit pr\u00e9alable de Sophysa, l\u2019utilisation de liens hypertextes pointant vers le site de Sophysa est possible pour tous les sites Internet, \u00e0 l\u2019exclusion de ceux diffusant des informations racistes, pornographiques, x\u00e9nophobes ou d\u2019une mani\u00e8re plus g\u00e9n\u00e9rale, des informations susceptibles de blesser des personnes. L\u2019ouverture du pr\u00e9sent site Web au sein d\u2019un cadre (\u00ab\u00a0framing\u00a0\u00bb) par d\u2019autres sites depuis des parties non li\u00e9es au groupe Tokibo est strictement interdite.<\/p><p><strong>V \u2013 Limite de responsabilit\u00e9<\/strong><\/p><p>Les propri\u00e9taires de ce site feront des efforts raisonnables pour inclure des informations \u00e0 jour et exactes dans ce site Internet, mais ne font aucune d\u00e9claration, garantie ou assurance quant \u00e0 l\u2019exactitude, l\u2019actualit\u00e9 ou l\u2019exhaustivit\u00e9 des informations fournies. Les propri\u00e9taires de ce site ne sont pas responsables de tout dommage ou blessure r\u00e9sultant de votre acc\u00e8s \u00e0 ce site Internet ou de votre incapacit\u00e9 \u00e0 acc\u00e9der \u00e0 ce site Internet ou de votre utilisation de toute information fournie \u00e0 titre de simple commodit\u00e9 pour les utilisateurs de ce site Internet.<\/p><p><strong>VI \u2013 Contacts<\/strong><\/p><p>Si vous avez des questions, des commentaires ou des pr\u00e9occupations concernant les Mentions l\u00e9gales ou les pratiques en mati\u00e8re d\u2019information de ce site, veuillez nous contacter ici\u00a0: <a href=\"mailto:contact@sophysa.com\">contact@sophysa.com<\/a>.<\/p><p><u>H\u00e9bergement du site<\/u>\u00a0:<br \/>INFOMANIAK NETWORK SA \u2013 26, Avenue de la Praille \u2013 1227 Carouge | Gen\u00e8ve \u2013 SUISSE<br \/>T\u00e9l. : +41 22 820 35 44 \u2013 Fax : +41 22 301 67 69<br \/>Email : contact@infomaniak.ch<br \/>Site internet : www.infomaniak.ch<\/p><\/div><\/div><\/section>\t\t\t\t\t\t\t\t<\/div>\n\t\t\t\t<\/div>\n\t\t\t\t\t<\/div>\n\t\t<\/div>\n\t\t\t\t\t<\/div>\n\t\t<\/section>\n\t\t\t\t<\/div>\n\t\t","protected":false},"excerpt":{"rendered":"<p>Mentions l\u00e9gales I \u2013 Mentions l\u00e9gales Directeur de la publication\u00a0:Sophysa5, rue Guy-M\u00f4quet91400 Orsay \u2013 FRANCET\u00e9l.\u00a0: +33(0)1 69 35 35 00 Sophysa est une soci\u00e9t\u00e9 anonyme, au capital de 500\u00a0000\u00a0\u20ac, immatricul\u00e9e au RCS d\u2019\u00c9vry sous le num\u00e9ro B\u00a0306\u00a0979\u00a0584. II \u2013 Objet de ce site Avec ce site Web, l\u2019objectif de Sophysa est de donner un aper\u00e7u [&hellip;]<\/p>\n","protected":false},"author":1,"featured_media":0,"parent":0,"menu_order":0,"comment_status":"closed","ping_status":"closed","template":"","meta":{"_acf_changed":false,"footnotes":""},"categories":[],"tags":[],"class_list":["post-7189","page","type-page","status-publish","hentry"],"acf":[],"yoast_head":"<!-- This site is optimized with the Yoast SEO plugin v26.1 - https:\/\/yoast.com\/wordpress\/plugins\/seo\/ -->\n<title>Mentions l\u00e9gales - Sophysa<\/title>\n<meta name=\"robots\" content=\"index, follow, max-snippet:-1, max-image-preview:large, max-video-preview:-1\" \/>\n<link rel=\"canonical\" href=\"https:\/\/www.sophysa.com\/fr\/mentions-legales\/\" \/>\n<meta property=\"og:locale\" content=\"fr_FR\" \/>\n<meta property=\"og:type\" content=\"article\" \/>\n<meta property=\"og:title\" content=\"Mentions l\u00e9gales - Sophysa\" \/>\n<meta property=\"og:description\" content=\"Mentions l\u00e9gales I \u2013 Mentions l\u00e9gales Directeur de la publication\u00a0:Sophysa5, rue Guy-M\u00f4quet91400 Orsay \u2013 FRANCET\u00e9l.\u00a0: +33(0)1 69 35 35 00 Sophysa est une soci\u00e9t\u00e9 anonyme, au capital de 500\u00a0000\u00a0\u20ac, immatricul\u00e9e au RCS d\u2019\u00c9vry sous le num\u00e9ro B\u00a0306\u00a0979\u00a0584. II \u2013 Objet de ce site Avec ce site Web, l\u2019objectif de Sophysa est de donner un aper\u00e7u [&hellip;]\" \/>\n<meta property=\"og:url\" content=\"https:\/\/www.sophysa.com\/fr\/mentions-legales\/\" \/>\n<meta property=\"og:site_name\" content=\"Sophysa\" \/>\n<meta property=\"article:modified_time\" content=\"2023-09-26T13:12:32+00:00\" \/>\n<meta name=\"twitter:card\" content=\"summary_large_image\" \/>\n<meta name=\"twitter:label1\" content=\"Dur\u00e9e de lecture estim\u00e9e\" \/>\n\t<meta name=\"twitter:data1\" content=\"3 minutes\" \/>\n<script type=\"application\/ld+json\" class=\"yoast-schema-graph\">{\"@context\":\"https:\/\/schema.org\",\"@graph\":[{\"@type\":\"WebPage\",\"@id\":\"https:\/\/www.sophysa.com\/fr\/mentions-legales\/\",\"url\":\"https:\/\/www.sophysa.com\/fr\/mentions-legales\/\",\"name\":\"Mentions l\u00e9gales - Sophysa\",\"isPartOf\":{\"@id\":\"https:\/\/www.sophysa.com\/fr\/#website\"},\"datePublished\":\"2023-07-10T08:42:25+00:00\",\"dateModified\":\"2023-09-26T13:12:32+00:00\",\"breadcrumb\":{\"@id\":\"https:\/\/www.sophysa.com\/fr\/mentions-legales\/#breadcrumb\"},\"inLanguage\":\"fr-FR\",\"potentialAction\":[{\"@type\":\"ReadAction\",\"target\":[\"https:\/\/www.sophysa.com\/fr\/mentions-legales\/\"]}]},{\"@type\":\"BreadcrumbList\",\"@id\":\"https:\/\/www.sophysa.com\/fr\/mentions-legales\/#breadcrumb\",\"itemListElement\":[{\"@type\":\"ListItem\",\"position\":1,\"name\":\"Accueil\",\"item\":\"https:\/\/www.sophysa.com\/fr\/\"},{\"@type\":\"ListItem\",\"position\":2,\"name\":\"Mentions l\u00e9gales\"}]},{\"@type\":\"WebSite\",\"@id\":\"https:\/\/www.sophysa.com\/fr\/#website\",\"url\":\"https:\/\/www.sophysa.com\/fr\/\",\"name\":\"Sophysa\",\"description\":\"\",\"publisher\":{\"@id\":\"https:\/\/www.sophysa.com\/fr\/#organization\"},\"potentialAction\":[{\"@type\":\"SearchAction\",\"target\":{\"@type\":\"EntryPoint\",\"urlTemplate\":\"https:\/\/www.sophysa.com\/fr\/?s={search_term_string}\"},\"query-input\":{\"@type\":\"PropertyValueSpecification\",\"valueRequired\":true,\"valueName\":\"search_term_string\"}}],\"inLanguage\":\"fr-FR\"},{\"@type\":\"Organization\",\"@id\":\"https:\/\/www.sophysa.com\/fr\/#organization\",\"name\":\"Sophysa\",\"url\":\"https:\/\/www.sophysa.com\/fr\/\",\"logo\":{\"@type\":\"ImageObject\",\"inLanguage\":\"fr-FR\",\"@id\":\"https:\/\/www.sophysa.com\/fr\/#\/schema\/logo\/image\/\",\"url\":\"https:\/\/www.sophysa.com\/wp-content\/uploads\/2023\/02\/sophysa_logo_couleurs-1-1-jpg.webp\",\"contentUrl\":\"https:\/\/www.sophysa.com\/wp-content\/uploads\/2023\/02\/sophysa_logo_couleurs-1-1-jpg.webp\",\"width\":350,\"height\":91,\"caption\":\"Sophysa\"},\"image\":{\"@id\":\"https:\/\/www.sophysa.com\/fr\/#\/schema\/logo\/image\/\"}}]}<\/script>\n<!-- \/ Yoast SEO plugin. -->","yoast_head_json":{"title":"Mentions l\u00e9gales - Sophysa","robots":{"index":"index","follow":"follow","max-snippet":"max-snippet:-1","max-image-preview":"max-image-preview:large","max-video-preview":"max-video-preview:-1"},"canonical":"https:\/\/www.sophysa.com\/fr\/mentions-legales\/","og_locale":"fr_FR","og_type":"article","og_title":"Mentions l\u00e9gales - Sophysa","og_description":"Mentions l\u00e9gales I \u2013 Mentions l\u00e9gales Directeur de la publication\u00a0:Sophysa5, rue Guy-M\u00f4quet91400 Orsay \u2013 FRANCET\u00e9l.\u00a0: +33(0)1 69 35 35 00 Sophysa est une soci\u00e9t\u00e9 anonyme, au capital de 500\u00a0000\u00a0\u20ac, immatricul\u00e9e au RCS d\u2019\u00c9vry sous le num\u00e9ro B\u00a0306\u00a0979\u00a0584. II \u2013 Objet de ce site Avec ce site Web, l\u2019objectif de Sophysa est de donner un aper\u00e7u [&hellip;]","og_url":"https:\/\/www.sophysa.com\/fr\/mentions-legales\/","og_site_name":"Sophysa","article_modified_time":"2023-09-26T13:12:32+00:00","twitter_card":"summary_large_image","twitter_misc":{"Dur\u00e9e de lecture estim\u00e9e":"3 minutes"},"schema":{"@context":"https:\/\/schema.org","@graph":[{"@type":"WebPage","@id":"https:\/\/www.sophysa.com\/fr\/mentions-legales\/","url":"https:\/\/www.sophysa.com\/fr\/mentions-legales\/","name":"Mentions l\u00e9gales - Sophysa","isPartOf":{"@id":"https:\/\/www.sophysa.com\/fr\/#website"},"datePublished":"2023-07-10T08:42:25+00:00","dateModified":"2023-09-26T13:12:32+00:00","breadcrumb":{"@id":"https:\/\/www.sophysa.com\/fr\/mentions-legales\/#breadcrumb"},"inLanguage":"fr-FR","potentialAction":[{"@type":"ReadAction","target":["https:\/\/www.sophysa.com\/fr\/mentions-legales\/"]}]},{"@type":"BreadcrumbList","@id":"https:\/\/www.sophysa.com\/fr\/mentions-legales\/#breadcrumb","itemListElement":[{"@type":"ListItem","position":1,"name":"Accueil","item":"https:\/\/www.sophysa.com\/fr\/"},{"@type":"ListItem","position":2,"name":"Mentions l\u00e9gales"}]},{"@type":"WebSite","@id":"https:\/\/www.sophysa.com\/fr\/#website","url":"https:\/\/www.sophysa.com\/fr\/","name":"Sophysa","description":"","publisher":{"@id":"https:\/\/www.sophysa.com\/fr\/#organization"},"potentialAction":[{"@type":"SearchAction","target":{"@type":"EntryPoint","urlTemplate":"https:\/\/www.sophysa.com\/fr\/?s={search_term_string}"},"query-input":{"@type":"PropertyValueSpecification","valueRequired":true,"valueName":"search_term_string"}}],"inLanguage":"fr-FR"},{"@type":"Organization","@id":"https:\/\/www.sophysa.com\/fr\/#organization","name":"Sophysa","url":"https:\/\/www.sophysa.com\/fr\/","logo":{"@type":"ImageObject","inLanguage":"fr-FR","@id":"https:\/\/www.sophysa.com\/fr\/#\/schema\/logo\/image\/","url":"https:\/\/www.sophysa.com\/wp-content\/uploads\/2023\/02\/sophysa_logo_couleurs-1-1-jpg.webp","contentUrl":"https:\/\/www.sophysa.com\/wp-content\/uploads\/2023\/02\/sophysa_logo_couleurs-1-1-jpg.webp","width":350,"height":91,"caption":"Sophysa"},"image":{"@id":"https:\/\/www.sophysa.com\/fr\/#\/schema\/logo\/image\/"}}]}},"_links":{"self":[{"href":"https:\/\/www.sophysa.com\/fr\/wp-json\/wp\/v2\/pages\/7189","targetHints":{"allow":["GET"]}}],"collection":[{"href":"https:\/\/www.sophysa.com\/fr\/wp-json\/wp\/v2\/pages"}],"about":[{"href":"https:\/\/www.sophysa.com\/fr\/wp-json\/wp\/v2\/types\/page"}],"author":[{"embeddable":true,"href":"https:\/\/www.sophysa.com\/fr\/wp-json\/wp\/v2\/users\/1"}],"replies":[{"embeddable":true,"href":"https:\/\/www.sophysa.com\/fr\/wp-json\/wp\/v2\/comments?post=7189"}],"version-history":[{"count":13,"href":"https:\/\/www.sophysa.com\/fr\/wp-json\/wp\/v2\/pages\/7189\/revisions"}],"predecessor-version":[{"id":7992,"href":"https:\/\/www.sophysa.com\/fr\/wp-json\/wp\/v2\/pages\/7189\/revisions\/7992"}],"wp:attachment":[{"href":"https:\/\/www.sophysa.com\/fr\/wp-json\/wp\/v2\/media?parent=7189"}],"wp:term":[{"taxonomy":"category","embeddable":true,"href":"https:\/\/www.sophysa.com\/fr\/wp-json\/wp\/v2\/categories?post=7189"},{"taxonomy":"post_tag","embeddable":true,"href":"https:\/\/www.sophysa.com\/fr\/wp-json\/wp\/v2\/tags?post=7189"}],"curies":[{"name":"wp","href":"https:\/\/api.w.org\/{rel}","templated":true}]}}