{"id":5796,"date":"2023-05-03T11:38:33","date_gmt":"2023-05-03T09:38:33","guid":{"rendered":"https:\/\/www.sophysa.com\/carrieres\/rejoignez-nous\/"},"modified":"2024-07-25T14:38:14","modified_gmt":"2024-07-25T12:38:14","slug":"rejoignez-nous","status":"publish","type":"page","link":"https:\/\/www.sophysa.com\/fr\/carrieres\/rejoignez-nous\/","title":{"rendered":"Nous rejoindre"},"content":{"rendered":"\t\t<div data-elementor-type=\"wp-page\" data-elementor-id=\"5796\" class=\"elementor elementor-5796\" data-elementor-post-type=\"page\">\n\t\t\t\t\t\t<section class=\"elementor-section elementor-top-section elementor-element elementor-element-6468d1e elementor-section-boxed elementor-section-height-default elementor-section-height-default\" data-id=\"6468d1e\" data-element_type=\"section\">\n\t\t\t\t\t\t<div class=\"elementor-container elementor-column-gap-default\">\n\t\t\t\t\t<div class=\"elementor-column elementor-col-100 elementor-top-column elementor-element elementor-element-abb98a6\" data-id=\"abb98a6\" data-element_type=\"column\">\n\t\t\t<div class=\"elementor-widget-wrap elementor-element-populated\">\n\t\t\t\t\t\t<div class=\"elementor-element elementor-element-e0b7c05 elementor-widget elementor-widget-nt_widget_breadcrumb\" data-id=\"e0b7c05\" data-element_type=\"widget\" data-widget_type=\"nt_widget_breadcrumb.default\">\n\t\t\t\t<div class=\"elementor-widget-container\">\n\t\t\t\t\t<div class=\"nt-breadcrumb-wrapper\">\r\n    <div class=\"nt-breadcrumb\" id=\"breadcrumbs\"><span><span><a href=\"https:\/\/www.sophysa.com\/fr\/\">Accueil<\/a><\/span><\/span><\/div><\/div>\r\n\t\t\t\t<\/div>\n\t\t\t\t<\/div>\n\t\t\t\t<div class=\"elementor-element elementor-element-7115287 elementor-widget elementor-widget-spacer\" data-id=\"7115287\" data-element_type=\"widget\" data-widget_type=\"spacer.default\">\n\t\t\t\t<div class=\"elementor-widget-container\">\n\t\t\t\t\t\t\t<div class=\"elementor-spacer\">\n\t\t\t<div class=\"elementor-spacer-inner\"><\/div>\n\t\t<\/div>\n\t\t\t\t\t\t<\/div>\n\t\t\t\t<\/div>\n\t\t\t\t\t<\/div>\n\t\t<\/div>\n\t\t\t\t\t<\/div>\n\t\t<\/section>\n\t\t\t\t<section class=\"elementor-section elementor-top-section elementor-element elementor-element-df38384 animated-slow elementor-section-boxed elementor-section-height-default elementor-section-height-default elementor-invisible\" data-id=\"df38384\" data-element_type=\"section\" data-settings=\"{&quot;animation&quot;:&quot;fadeInUp&quot;}\">\n\t\t\t\t\t\t<div class=\"elementor-container elementor-column-gap-default\">\n\t\t\t\t\t<div class=\"elementor-column elementor-col-100 elementor-top-column elementor-element elementor-element-2cdcf2c\" data-id=\"2cdcf2c\" data-element_type=\"column\">\n\t\t\t<div class=\"elementor-widget-wrap elementor-element-populated\">\n\t\t\t\t\t\t<div class=\"elementor-element elementor-element-26c25fa animated-slow nt-title-with-big-underline-2 elementor-widget elementor-widget-heading\" data-id=\"26c25fa\" data-element_type=\"widget\" data-settings=\"{&quot;_animation&quot;:&quot;none&quot;}\" data-widget_type=\"heading.default\">\n\t\t\t\t<div class=\"elementor-widget-container\">\n\t\t\t\t\t<h1 class=\"elementor-heading-title elementor-size-default\">Nous rejoindre<\/h1>\t\t\t\t<\/div>\n\t\t\t\t<\/div>\n\t\t\t\t<div class=\"elementor-element elementor-element-3f110a4 elementor-widget elementor-widget-text-editor\" data-id=\"3f110a4\" data-element_type=\"widget\" data-widget_type=\"text-editor.default\">\n\t\t\t\t<div class=\"elementor-widget-container\">\n\t\t\t\t\t\t\t\t\t<p><a href=\"https:\/\/nextcloud.sophysa.com\/s\/QNG3DrobejmWyzf\">Pourquoi nous rejoindre?<\/a><\/p>\t\t\t\t\t\t\t\t<\/div>\n\t\t\t\t<\/div>\n\t\t\t\t<div class=\"elementor-element elementor-element-94c6d2d animated-slow elementor-widget elementor-widget-text-editor\" data-id=\"94c6d2d\" data-element_type=\"widget\" data-settings=\"{&quot;_animation&quot;:&quot;none&quot;}\" data-widget_type=\"text-editor.default\">\n\t\t\t\t<div class=\"elementor-widget-container\">\n\t\t\t\t\t\t\t\t\t<p>Notre ambition est de soutenir notre d\u00e9veloppement. Nous compterons plus de 300 collaborateurs d\u2019ici 2026, et les recrutements se poursuivent au fil des ann\u00e9es pour accompagner notre croissance. Apr\u00e8s une \u00e9volution de 25 personnes en 2022 et 30 en 2023, plus d&rsquo;une 10 aine de postes sont ouverts en 2024.<\/p>\t\t\t\t\t\t\t\t<\/div>\n\t\t\t\t<\/div>\n\t\t\t\t\t<\/div>\n\t\t<\/div>\n\t\t\t\t\t<\/div>\n\t\t<\/section>\n\t\t\t\t<section class=\"elementor-section elementor-top-section elementor-element elementor-element-d35207c elementor-section-boxed elementor-section-height-default elementor-section-height-default\" data-id=\"d35207c\" data-element_type=\"section\">\n\t\t\t\t\t\t<div class=\"elementor-container elementor-column-gap-default\">\n\t\t\t\t\t<div class=\"elementor-column elementor-col-100 elementor-top-column elementor-element elementor-element-077e169\" data-id=\"077e169\" data-element_type=\"column\">\n\t\t\t<div class=\"elementor-widget-wrap elementor-element-populated\">\n\t\t\t\t\t\t<div class=\"elementor-element elementor-element-15d66eb elementor-widget elementor-widget-nt_job_listing\" data-id=\"15d66eb\" data-element_type=\"widget\" data-widget_type=\"nt_job_listing.default\">\n\t\t\t\t<div class=\"elementor-widget-container\">\n\t\t\t\t\t<div class=\"nt-job-listing\">\r\n    <div class=\"nt-job-listing__container\">\r\n        <div class=\"nt-job-listing__container__filters\">\r\n            <form action=\"#\">\r\n                                                                        \r\n                                                        \r\n                                                        \r\n                            <\/form>\r\n        <\/div>\r\n        <div class=\"nt-job-listing__container__listing\">\r\n            \r\n                                                <div class=\"nt-job-listing__item\" data-filiere_job=\"[]\" data-secteur_job=\"[]\" data-contrat_job=\"[28]\">\r\n    <h2 class=\"nt-job-listing__item__title\">Alternance \u2013 Assistant(e) Chef de Produit Marketing (H\/F)<\/h2>\r\n    <div class=\"nt-job-listing__item__content\">\r\n        <div class=\"nt-job-listing__item__content__inner\">\r\n            <div class=\"nt-job-listing__item__content__terms\">\r\n                                                                    <p>\r\n                        <strong>Type de contrat : <\/strong>\r\n                        Alternation                    <\/p>\r\n                            <\/div>\r\n            <div class=\"nt-job-listing__item__content__link\">\r\n                <div class=\"nt-home-button\">\r\n                    <a href=\"https:\/\/www.sophysa.com\/fr\/offre-emploi\/alternance-assistante-chef-de-produit-marketing-h-f\/\">Consulter cette offre<\/a>\r\n                <\/div>\r\n            <\/div>\r\n        <\/div>\r\n    <\/div>\r\n<\/div>                                    <div class=\"nt-job-listing__item\" data-filiere_job=\"[]\" data-secteur_job=\"[]\" data-contrat_job=\"[]\">\r\n    <h2 class=\"nt-job-listing__item__title\">Agent de fabrication en salle blanche (H\/F)<\/h2>\r\n    <div class=\"nt-job-listing__item__content\">\r\n        <div class=\"nt-job-listing__item__content__inner\">\r\n            <div class=\"nt-job-listing__item__content__terms\">\r\n                                                            <\/div>\r\n            <div class=\"nt-job-listing__item__content__link\">\r\n                <div class=\"nt-home-button\">\r\n                    <a href=\"https:\/\/www.sophysa.com\/fr\/offre-emploi\/agent-de-fabrication-en-salle-blanche-h-f\/\">Consulter cette offre<\/a>\r\n                <\/div>\r\n            <\/div>\r\n        <\/div>\r\n    <\/div>\r\n<\/div>                                    <\/div>\r\n    <\/div>\r\n\r\n            <div class=\"nt-job-listing__candidature\">\r\n            <div class=\"nt-job-listing__candidature__button nt-home-button\">\r\n                <button>Envoyer une candidature spontan\u00e9e<\/button>\r\n            <\/div>\r\n\r\n            <div class=\"nt-job-listing__candidature__form nt-ajax-form-container\">\r\n                <div class=\"nt-form-messages-container\"><\/div>\r\n                <form action=\"\" class=\"nt-form hide-after-submit\" enctype=\"multipart\/form-data\">\r\n                    <input type=\"hidden\" name=\"action\" value=\"nt_submit_candidature_spontanee\">\r\n                    <input type=\"hidden\" name=\"email_contact\" value=\"qdominati@sophysa.com\">\r\n                    <div class=\"nt-form-multiline\">\r\n                        <div class=\"nt-form-line\">\r\n                            <label for=\"nom\">Nom*<\/label>\r\n                            <div class=\"nt-form-field\">\r\n                                <input type=\"text\" name=\"nom\" id=\"nom\" required>\r\n                            <\/div>\r\n                        <\/div>\r\n                        <div class=\"nt-form-line\">\r\n                            <label for=\"prenom\">Pr\u00e9nom*<\/label>\r\n                            <div class=\"nt-form-field\">\r\n                                <input type=\"text\" name=\"prenom\" id=\"prenom\" required>\r\n                            <\/div>\r\n                        <\/div>\r\n                    <\/div>\r\n                    <div class=\"nt-form-multiline\">\r\n                        <div class=\"nt-form-line\">\r\n                            <label for=\"email\">Email*<\/label>\r\n                            <div class=\"nt-form-field\">\r\n                                <input type=\"email\" name=\"email\" id=\"email\" required>\r\n                            <\/div>\r\n                        <\/div>\r\n                        <div class=\"nt-form-line\">\r\n                            <label for=\"tel\">T\u00e9l\u00e9phone*<\/label>\r\n                            <div class=\"nt-form-field\">\r\n                                <input type=\"tel\" name=\"tel\" id=\"tel\" required>\r\n                            <\/div>\r\n                        <\/div>\r\n                    <\/div>\r\n                    <div class=\"nt-form-line\">\r\n                        <label for=\"sujet\">Objet*<\/label>\r\n                        <div class=\"nt-form-field\">\r\n                            <input type=\"text\" name=\"sujet\" id=\"sujet\" required>\r\n                        <\/div>\r\n                    <\/div>\r\n                    <div class=\"nt-form-line\">\r\n                        <label for=\"message\">Message*<\/label>\r\n                        <div class=\"nt-form-field\">\r\n                            <textarea type=\"text\" name=\"message\" id=\"message\" required><\/textarea>\r\n                        <\/div>\r\n                    <\/div>\r\n                    <div class=\"nt-form-line\">\r\n                        <label for=\"cv\">CV*<\/label>\r\n                        <div class=\"nt-form-field\">\r\n                            <input type=\"file\" name=\"cv\" id=\"cv\" required>\r\n                        <\/div>\r\n                    <\/div>\r\n                    <div class=\"nt-form-line\">\r\n                        <label for=\"lm\">Lettre de motivation<\/label>\r\n                        <div class=\"nt-form-field\">\r\n                            <input type=\"file\" name=\"lm\" id=\"lm\">\r\n                        <\/div>\r\n                    <\/div>\r\n                    <div class=\"nt-form-line nt-form-line--submit\">\r\n                        <div class=\"nt-home-button\">\r\n                            <button type=\"submit\" class=\"nt-loader-button\">Envoyer<img decoding=\"async\" src=\"https:\/\/www.sophysa.com\/wp-content\/themes\/wordpress-elementor\/assets\/images\/loader.gif\" alt=\"\" class=\"loader\"><\/button>\r\n                        <\/div>\r\n                        <div class=\"nt-form-notes\">\r\n                            <p>* Champs obligatoires<\/p>\r\n                        <\/div>\r\n                    <\/div>\r\n                <\/form>\r\n            <\/div>\r\n        <\/div>\r\n    <\/div>\r\n\t\t\t\t<\/div>\n\t\t\t\t<\/div>\n\t\t\t\t\t<\/div>\n\t\t<\/div>\n\t\t\t\t\t<\/div>\n\t\t<\/section>\n\t\t\t\t<\/div>\n\t\t","protected":false},"excerpt":{"rendered":"<p>Home Nous rejoindre Pourquoi nous rejoindre? Notre ambition est de soutenir notre d\u00e9veloppement. Nous compterons plus de 300 collaborateurs d\u2019ici 2026, et les recrutements se poursuivent au fil des ann\u00e9es pour accompagner notre croissance. Apr\u00e8s une \u00e9volution de 25 personnes en 2022 et 30 en 2023, plus d&rsquo;une 10 aine de postes sont ouverts en [&hellip;]<\/p>\n","protected":false},"author":1,"featured_media":0,"parent":5734,"menu_order":0,"comment_status":"closed","ping_status":"closed","template":"","meta":{"_acf_changed":false,"footnotes":""},"categories":[],"tags":[],"class_list":["post-5796","page","type-page","status-publish","hentry"],"acf":[],"yoast_head":"<!-- This site is optimized with the Yoast SEO plugin v26.1 - https:\/\/yoast.com\/wordpress\/plugins\/seo\/ -->\n<title>Nous rejoindre - Sophysa<\/title>\n<meta name=\"robots\" content=\"index, follow, max-snippet:-1, max-image-preview:large, max-video-preview:-1\" \/>\n<link rel=\"canonical\" href=\"https:\/\/www.sophysa.com\/fr\/carrieres\/rejoignez-nous\/\" \/>\n<meta property=\"og:locale\" content=\"fr_FR\" \/>\n<meta property=\"og:type\" content=\"article\" \/>\n<meta property=\"og:title\" content=\"Nous rejoindre - Sophysa\" \/>\n<meta property=\"og:description\" content=\"Home Nous rejoindre Pourquoi nous rejoindre? Notre ambition est de soutenir notre d\u00e9veloppement. Nous compterons plus de 300 collaborateurs d\u2019ici 2026, et les recrutements se poursuivent au fil des ann\u00e9es pour accompagner notre croissance. Apr\u00e8s une \u00e9volution de 25 personnes en 2022 et 30 en 2023, plus d&rsquo;une 10 aine de postes sont ouverts en [&hellip;]\" \/>\n<meta property=\"og:url\" content=\"https:\/\/www.sophysa.com\/fr\/carrieres\/rejoignez-nous\/\" \/>\n<meta property=\"og:site_name\" content=\"Sophysa\" \/>\n<meta property=\"article:modified_time\" content=\"2024-07-25T12:38:14+00:00\" \/>\n<meta property=\"og:image\" content=\"https:\/\/www.sophysa.com\/wp-content\/themes\/wordpress-elementor\/assets\/images\/loader.gif\" \/>\n<meta name=\"twitter:card\" content=\"summary_large_image\" \/>\n<meta name=\"twitter:label1\" content=\"Dur\u00e9e de lecture estim\u00e9e\" \/>\n\t<meta name=\"twitter:data1\" content=\"2 minutes\" \/>\n<script type=\"application\/ld+json\" class=\"yoast-schema-graph\">{\"@context\":\"https:\/\/schema.org\",\"@graph\":[{\"@type\":\"WebPage\",\"@id\":\"https:\/\/www.sophysa.com\/fr\/carrieres\/rejoignez-nous\/\",\"url\":\"https:\/\/www.sophysa.com\/fr\/carrieres\/rejoignez-nous\/\",\"name\":\"Nous rejoindre - Sophysa\",\"isPartOf\":{\"@id\":\"https:\/\/www.sophysa.com\/fr\/#website\"},\"primaryImageOfPage\":{\"@id\":\"https:\/\/www.sophysa.com\/fr\/carrieres\/rejoignez-nous\/#primaryimage\"},\"image\":{\"@id\":\"https:\/\/www.sophysa.com\/fr\/carrieres\/rejoignez-nous\/#primaryimage\"},\"thumbnailUrl\":\"https:\/\/www.sophysa.com\/wp-content\/themes\/wordpress-elementor\/assets\/images\/loader.gif\",\"datePublished\":\"2023-05-03T09:38:33+00:00\",\"dateModified\":\"2024-07-25T12:38:14+00:00\",\"breadcrumb\":{\"@id\":\"https:\/\/www.sophysa.com\/fr\/carrieres\/rejoignez-nous\/#breadcrumb\"},\"inLanguage\":\"fr-FR\",\"potentialAction\":[{\"@type\":\"ReadAction\",\"target\":[\"https:\/\/www.sophysa.com\/fr\/carrieres\/rejoignez-nous\/\"]}]},{\"@type\":\"ImageObject\",\"inLanguage\":\"fr-FR\",\"@id\":\"https:\/\/www.sophysa.com\/fr\/carrieres\/rejoignez-nous\/#primaryimage\",\"url\":\"https:\/\/www.sophysa.com\/wp-content\/themes\/wordpress-elementor\/assets\/images\/loader.gif\",\"contentUrl\":\"https:\/\/www.sophysa.com\/wp-content\/themes\/wordpress-elementor\/assets\/images\/loader.gif\"},{\"@type\":\"BreadcrumbList\",\"@id\":\"https:\/\/www.sophysa.com\/fr\/carrieres\/rejoignez-nous\/#breadcrumb\",\"itemListElement\":[{\"@type\":\"ListItem\",\"position\":1,\"name\":\"Accueil\",\"item\":\"https:\/\/www.sophysa.com\/fr\/\"},{\"@type\":\"ListItem\",\"position\":2,\"name\":\"Careers\",\"item\":\"https:\/\/www.sophysa.com\/careers\/\"},{\"@type\":\"ListItem\",\"position\":3,\"name\":\"Nous rejoindre\"}]},{\"@type\":\"WebSite\",\"@id\":\"https:\/\/www.sophysa.com\/fr\/#website\",\"url\":\"https:\/\/www.sophysa.com\/fr\/\",\"name\":\"Sophysa\",\"description\":\"\",\"publisher\":{\"@id\":\"https:\/\/www.sophysa.com\/fr\/#organization\"},\"potentialAction\":[{\"@type\":\"SearchAction\",\"target\":{\"@type\":\"EntryPoint\",\"urlTemplate\":\"https:\/\/www.sophysa.com\/fr\/?s={search_term_string}\"},\"query-input\":{\"@type\":\"PropertyValueSpecification\",\"valueRequired\":true,\"valueName\":\"search_term_string\"}}],\"inLanguage\":\"fr-FR\"},{\"@type\":\"Organization\",\"@id\":\"https:\/\/www.sophysa.com\/fr\/#organization\",\"name\":\"Sophysa\",\"url\":\"https:\/\/www.sophysa.com\/fr\/\",\"logo\":{\"@type\":\"ImageObject\",\"inLanguage\":\"fr-FR\",\"@id\":\"https:\/\/www.sophysa.com\/fr\/#\/schema\/logo\/image\/\",\"url\":\"https:\/\/www.sophysa.com\/wp-content\/uploads\/2023\/02\/sophysa_logo_couleurs-1-1-jpg.webp\",\"contentUrl\":\"https:\/\/www.sophysa.com\/wp-content\/uploads\/2023\/02\/sophysa_logo_couleurs-1-1-jpg.webp\",\"width\":350,\"height\":91,\"caption\":\"Sophysa\"},\"image\":{\"@id\":\"https:\/\/www.sophysa.com\/fr\/#\/schema\/logo\/image\/\"}}]}<\/script>\n<!-- \/ Yoast SEO plugin. -->","yoast_head_json":{"title":"Nous rejoindre - Sophysa","robots":{"index":"index","follow":"follow","max-snippet":"max-snippet:-1","max-image-preview":"max-image-preview:large","max-video-preview":"max-video-preview:-1"},"canonical":"https:\/\/www.sophysa.com\/fr\/carrieres\/rejoignez-nous\/","og_locale":"fr_FR","og_type":"article","og_title":"Nous rejoindre - Sophysa","og_description":"Home Nous rejoindre Pourquoi nous rejoindre? Notre ambition est de soutenir notre d\u00e9veloppement. Nous compterons plus de 300 collaborateurs d\u2019ici 2026, et les recrutements se poursuivent au fil des ann\u00e9es pour accompagner notre croissance. Apr\u00e8s une \u00e9volution de 25 personnes en 2022 et 30 en 2023, plus d&rsquo;une 10 aine de postes sont ouverts en [&hellip;]","og_url":"https:\/\/www.sophysa.com\/fr\/carrieres\/rejoignez-nous\/","og_site_name":"Sophysa","article_modified_time":"2024-07-25T12:38:14+00:00","og_image":[{"url":"https:\/\/www.sophysa.com\/wp-content\/themes\/wordpress-elementor\/assets\/images\/loader.gif","type":"","width":"","height":""}],"twitter_card":"summary_large_image","twitter_misc":{"Dur\u00e9e de lecture estim\u00e9e":"2 minutes"},"schema":{"@context":"https:\/\/schema.org","@graph":[{"@type":"WebPage","@id":"https:\/\/www.sophysa.com\/fr\/carrieres\/rejoignez-nous\/","url":"https:\/\/www.sophysa.com\/fr\/carrieres\/rejoignez-nous\/","name":"Nous rejoindre - Sophysa","isPartOf":{"@id":"https:\/\/www.sophysa.com\/fr\/#website"},"primaryImageOfPage":{"@id":"https:\/\/www.sophysa.com\/fr\/carrieres\/rejoignez-nous\/#primaryimage"},"image":{"@id":"https:\/\/www.sophysa.com\/fr\/carrieres\/rejoignez-nous\/#primaryimage"},"thumbnailUrl":"https:\/\/www.sophysa.com\/wp-content\/themes\/wordpress-elementor\/assets\/images\/loader.gif","datePublished":"2023-05-03T09:38:33+00:00","dateModified":"2024-07-25T12:38:14+00:00","breadcrumb":{"@id":"https:\/\/www.sophysa.com\/fr\/carrieres\/rejoignez-nous\/#breadcrumb"},"inLanguage":"fr-FR","potentialAction":[{"@type":"ReadAction","target":["https:\/\/www.sophysa.com\/fr\/carrieres\/rejoignez-nous\/"]}]},{"@type":"ImageObject","inLanguage":"fr-FR","@id":"https:\/\/www.sophysa.com\/fr\/carrieres\/rejoignez-nous\/#primaryimage","url":"https:\/\/www.sophysa.com\/wp-content\/themes\/wordpress-elementor\/assets\/images\/loader.gif","contentUrl":"https:\/\/www.sophysa.com\/wp-content\/themes\/wordpress-elementor\/assets\/images\/loader.gif"},{"@type":"BreadcrumbList","@id":"https:\/\/www.sophysa.com\/fr\/carrieres\/rejoignez-nous\/#breadcrumb","itemListElement":[{"@type":"ListItem","position":1,"name":"Accueil","item":"https:\/\/www.sophysa.com\/fr\/"},{"@type":"ListItem","position":2,"name":"Careers","item":"https:\/\/www.sophysa.com\/careers\/"},{"@type":"ListItem","position":3,"name":"Nous rejoindre"}]},{"@type":"WebSite","@id":"https:\/\/www.sophysa.com\/fr\/#website","url":"https:\/\/www.sophysa.com\/fr\/","name":"Sophysa","description":"","publisher":{"@id":"https:\/\/www.sophysa.com\/fr\/#organization"},"potentialAction":[{"@type":"SearchAction","target":{"@type":"EntryPoint","urlTemplate":"https:\/\/www.sophysa.com\/fr\/?s={search_term_string}"},"query-input":{"@type":"PropertyValueSpecification","valueRequired":true,"valueName":"search_term_string"}}],"inLanguage":"fr-FR"},{"@type":"Organization","@id":"https:\/\/www.sophysa.com\/fr\/#organization","name":"Sophysa","url":"https:\/\/www.sophysa.com\/fr\/","logo":{"@type":"ImageObject","inLanguage":"fr-FR","@id":"https:\/\/www.sophysa.com\/fr\/#\/schema\/logo\/image\/","url":"https:\/\/www.sophysa.com\/wp-content\/uploads\/2023\/02\/sophysa_logo_couleurs-1-1-jpg.webp","contentUrl":"https:\/\/www.sophysa.com\/wp-content\/uploads\/2023\/02\/sophysa_logo_couleurs-1-1-jpg.webp","width":350,"height":91,"caption":"Sophysa"},"image":{"@id":"https:\/\/www.sophysa.com\/fr\/#\/schema\/logo\/image\/"}}]}},"_links":{"self":[{"href":"https:\/\/www.sophysa.com\/fr\/wp-json\/wp\/v2\/pages\/5796","targetHints":{"allow":["GET"]}}],"collection":[{"href":"https:\/\/www.sophysa.com\/fr\/wp-json\/wp\/v2\/pages"}],"about":[{"href":"https:\/\/www.sophysa.com\/fr\/wp-json\/wp\/v2\/types\/page"}],"author":[{"embeddable":true,"href":"https:\/\/www.sophysa.com\/fr\/wp-json\/wp\/v2\/users\/1"}],"replies":[{"embeddable":true,"href":"https:\/\/www.sophysa.com\/fr\/wp-json\/wp\/v2\/comments?post=5796"}],"version-history":[{"count":38,"href":"https:\/\/www.sophysa.com\/fr\/wp-json\/wp\/v2\/pages\/5796\/revisions"}],"predecessor-version":[{"id":11982,"href":"https:\/\/www.sophysa.com\/fr\/wp-json\/wp\/v2\/pages\/5796\/revisions\/11982"}],"up":[{"embeddable":true,"href":"https:\/\/www.sophysa.com\/fr\/wp-json\/wp\/v2\/pages\/5734"}],"wp:attachment":[{"href":"https:\/\/www.sophysa.com\/fr\/wp-json\/wp\/v2\/media?parent=5796"}],"wp:term":[{"taxonomy":"category","embeddable":true,"href":"https:\/\/www.sophysa.com\/fr\/wp-json\/wp\/v2\/categories?post=5796"},{"taxonomy":"post_tag","embeddable":true,"href":"https:\/\/www.sophysa.com\/fr\/wp-json\/wp\/v2\/tags?post=5796"}],"curies":[{"name":"wp","href":"https:\/\/api.w.org\/{rel}","templated":true}]}}