{"id":8557,"date":"2023-02-07T16:57:58","date_gmt":"2023-02-07T15:57:58","guid":{"rendered":"https:\/\/jj06obepgl.preview.infomaniak.website\/?page_id=8557"},"modified":"2023-12-04T20:43:55","modified_gmt":"2023-12-04T19:43:55","slug":"pacientes","status":"publish","type":"page","link":"https:\/\/www.sophysa.com\/es\/pacientes\/","title":{"rendered":"Pacientes"},"content":{"rendered":"\t\t<div data-elementor-type=\"wp-page\" data-elementor-id=\"8557\" class=\"elementor elementor-8557\" data-elementor-post-type=\"page\">\n\t\t\t\t\t\t<section class=\"elementor-section elementor-top-section elementor-element elementor-element-54ca6b6 elementor-section-boxed elementor-section-height-default elementor-section-height-default\" data-id=\"54ca6b6\" data-element_type=\"section\">\n\t\t\t\t\t\t<div class=\"elementor-container elementor-column-gap-default\">\n\t\t\t\t\t<div class=\"elementor-column elementor-col-100 elementor-top-column elementor-element elementor-element-bab233f\" data-id=\"bab233f\" data-element_type=\"column\">\n\t\t\t<div class=\"elementor-widget-wrap elementor-element-populated\">\n\t\t\t\t\t\t<div class=\"elementor-element elementor-element-2af3a93 elementor-widget elementor-widget-nt_widget_breadcrumb\" data-id=\"2af3a93\" data-element_type=\"widget\" data-widget_type=\"nt_widget_breadcrumb.default\">\n\t\t\t\t<div class=\"elementor-widget-container\">\n\t\t\t\t\t<div class=\"nt-breadcrumb-wrapper\">\r\n    <div class=\"nt-breadcrumb\" id=\"breadcrumbs\"><span><span><a href=\"https:\/\/www.sophysa.com\/es\/\">Inicio<\/a><\/span><\/span><\/div><\/div>\r\n\t\t\t\t<\/div>\n\t\t\t\t<\/div>\n\t\t\t\t<div class=\"elementor-element elementor-element-6d1b859 elementor-widget elementor-widget-spacer\" data-id=\"6d1b859\" data-element_type=\"widget\" data-widget_type=\"spacer.default\">\n\t\t\t\t<div class=\"elementor-widget-container\">\n\t\t\t\t\t\t\t<div class=\"elementor-spacer\">\n\t\t\t<div class=\"elementor-spacer-inner\"><\/div>\n\t\t<\/div>\n\t\t\t\t\t\t<\/div>\n\t\t\t\t<\/div>\n\t\t\t\t\t<\/div>\n\t\t<\/div>\n\t\t\t\t\t<\/div>\n\t\t<\/section>\n\t\t\t\t<section class=\"elementor-section elementor-top-section elementor-element elementor-element-df50388 animated-slow elementor-section-boxed elementor-section-height-default elementor-section-height-default elementor-invisible\" data-id=\"df50388\" data-element_type=\"section\" data-settings=\"{&quot;animation&quot;:&quot;fadeInUp&quot;}\">\n\t\t\t\t\t\t<div class=\"elementor-container elementor-column-gap-default\">\n\t\t\t\t\t<div class=\"elementor-column elementor-col-100 elementor-top-column elementor-element elementor-element-7ea33b4\" data-id=\"7ea33b4\" data-element_type=\"column\">\n\t\t\t<div class=\"elementor-widget-wrap elementor-element-populated\">\n\t\t\t\t\t\t<div class=\"elementor-element elementor-element-58b74a6 animated-slow elementor-widget elementor-widget-heading\" data-id=\"58b74a6\" data-element_type=\"widget\" data-settings=\"{&quot;_animation&quot;:&quot;none&quot;}\" data-widget_type=\"heading.default\">\n\t\t\t\t<div class=\"elementor-widget-container\">\n\t\t\t\t\t<h1 class=\"elementor-heading-title elementor-size-default\">Pacientes<\/h1>\t\t\t\t<\/div>\n\t\t\t\t<\/div>\n\t\t\t\t<div class=\"elementor-element elementor-element-8273cf3 elementor-widget__width-initial animated-slow elementor-widget-divider--view-line elementor-widget elementor-widget-divider\" data-id=\"8273cf3\" data-element_type=\"widget\" data-settings=\"{&quot;motion_fx_motion_fx_scrolling&quot;:&quot;yes&quot;,&quot;_animation&quot;:&quot;none&quot;,&quot;motion_fx_devices&quot;:[&quot;desktop&quot;,&quot;tablet_extra&quot;,&quot;tablet&quot;,&quot;mobile&quot;]}\" data-widget_type=\"divider.default\">\n\t\t\t\t<div class=\"elementor-widget-container\">\n\t\t\t\t\t\t\t<div class=\"elementor-divider\">\n\t\t\t<span class=\"elementor-divider-separator\">\n\t\t\t\t\t\t<\/span>\n\t\t<\/div>\n\t\t\t\t\t\t<\/div>\n\t\t\t\t<\/div>\n\t\t\t\t<div class=\"elementor-element elementor-element-fb64401 animated-slow elementor-widget elementor-widget-text-editor\" data-id=\"fb64401\" data-element_type=\"widget\" data-settings=\"{&quot;_animation&quot;:&quot;none&quot;}\" data-widget_type=\"text-editor.default\">\n\t\t\t\t<div class=\"elementor-widget-container\">\n\t\t\t\t\t\t\t\t\t<p>Lorem ipsum<\/p>\n\t\t\t\t\t\t\t\t<\/div>\n\t\t\t\t<\/div>\n\t\t\t\t\t<\/div>\n\t\t<\/div>\n\t\t\t\t\t<\/div>\n\t\t<\/section>\n\t\t\t\t<section class=\"elementor-section elementor-top-section elementor-element elementor-element-efc19ce elementor-section-boxed elementor-section-height-default elementor-section-height-default\" data-id=\"efc19ce\" data-element_type=\"section\">\n\t\t\t\t\t\t<div class=\"elementor-container elementor-column-gap-default\">\n\t\t\t\t\t<div class=\"elementor-column elementor-col-100 elementor-top-column elementor-element elementor-element-13ff916\" data-id=\"13ff916\" data-element_type=\"column\">\n\t\t\t<div class=\"elementor-widget-wrap elementor-element-populated\">\n\t\t\t\t\t\t<div class=\"elementor-element elementor-element-6396e34 elementor-widget elementor-widget-tp-dynamic-listing\" data-id=\"6396e34\" data-element_type=\"widget\" data-widget_type=\"tp-dynamic-listing.default\">\n\t\t\t\t<div class=\"elementor-widget-container\">\n\t\t\t\t\t<div id=\"pt-plus-dynamic-listing\" class=\"dynamic-listing post69f3f15229828  list-isotope  dynamic-listing-style-2 hover-image-style-1  layout-style-1   tp-dy-l-type-page_listing \"    data-layout-type=\"fitRows\"   data-id=\"post69f3f15229828\" data-style=\"style-2\"   dir= data-enable-isotope=\"1\" filter-type = \"normal\"><div id=\"post69f3f15229828\" class=\"tp-row post-inner-loop   post69f3f15229828 text-center   tp_list\" data-extparam= '{\"loading-opt\":\"skeleton\",\"URL-para\":\"\"}'    \"  data-widgetId = 6396e34><div class=\"grid-item metro-item  tp-col-lg-4 tp-col-md-4 tp-col-sm-6 tp-col-6  \"><article id=\"post-8549\" class=\"post-8549 page type-page status-publish hentry tag-pacientes\">\n\t<div class=\"blog-list-content\">\n\t\t\t\t\t\t\t\t\t<div class=\"post-content-image\">\n\t\t\t<a href=\"https:\/\/www.sophysa.com\/es\/pacientes\/como-vivire-con-una-derivacion-de-lcr\/\">\n\t\t\t\t\t<div class=\"blog-featured-image \">\n\t<span class=\"thumb-wrap\">\n\t\t<img decoding=\"async\" src=\"https:\/\/www.sophysa.com\/wp-content\/plugins\/theplus_elementor_addon\/assets\/images\/placeholder-grid.jpg\" alt=\"\u00bfC\u00f3mo vivir\u00e9 con una derivaci\u00f3n de LCR?\">\t<\/span>\n\t<\/div>\n\t\t\t<\/a>\n\t\t\t\t\t\t<\/div>\n\t\t\t\t\t\t<div class=\"post-content-bottom\">\n\t\t\t\t\t\t<div class=\"post-metro-content\">\n\t\t\t\t<h3 class=\"post-title\">\n\t<a href=\"https:\/\/www.sophysa.com\/es\/pacientes\/como-vivire-con-una-derivacion-de-lcr\/\" class=\"normal\">\u00bfC\u00f3mo vivir\u00e9 con una derivaci\u00f3n de LCR?<\/a>\n<\/h3>\n\t\t\t\t\t\t\t\t\t<div class=\"post-hover-content\">\n\t\t\t\t\t\t<div class=\"entry-content\">\n\t<p>Home \u00bfC\u00f3mo vivir\u00e9 una derivaci\u00f3n de LCR? (FAQ) La mayor\u00eda de los pacientes hidrocef\u00e1licos...<\/p>\n<\/div>\n\t\t\t\t\t<\/div>\n\t\t\t\t\t\t\t\t\t\t\t<\/div>\n\t\t<\/div>\n\t\t\t<\/div>\n<\/article>\n<\/div><div class=\"grid-item metro-item  tp-col-lg-4 tp-col-md-4 tp-col-sm-6 tp-col-6  \"><article id=\"post-8547\" class=\"post-8547 page type-page status-publish hentry tag-pacientes\">\n\t<div class=\"blog-list-content\">\n\t\t\t\t\t\t\t\t\t<div class=\"post-content-image\">\n\t\t\t<a href=\"https:\/\/www.sophysa.com\/es\/pacientes\/como-tratar-la-hidrocefalia\/\">\n\t\t\t\t\t<div class=\"blog-featured-image \">\n\t<span class=\"thumb-wrap\">\n\t\t<img decoding=\"async\" src=\"https:\/\/www.sophysa.com\/wp-content\/plugins\/theplus_elementor_addon\/assets\/images\/placeholder-grid.jpg\" alt=\"\u00bfC\u00f3mo tratar la hidrocefalia?\">\t<\/span>\n\t<\/div>\n\t\t\t<\/a>\n\t\t\t\t\t\t<\/div>\n\t\t\t\t\t\t<div class=\"post-content-bottom\">\n\t\t\t\t\t\t<div class=\"post-metro-content\">\n\t\t\t\t<h3 class=\"post-title\">\n\t<a href=\"https:\/\/www.sophysa.com\/es\/pacientes\/como-tratar-la-hidrocefalia\/\" class=\"normal\">\u00bfC\u00f3mo tratar la hidrocefalia?<\/a>\n<\/h3>\n\t\t\t\t\t\t\t\t\t<div class=\"post-hover-content\">\n\t\t\t\t\t\t<div class=\"entry-content\">\n\t<p>Home \u00bfC\u00f3mo tratar la hidrocefalia? Para controlar la hidrocefalia comunicante, la cirug\u00eda es el...<\/p>\n<\/div>\n\t\t\t\t\t<\/div>\n\t\t\t\t\t\t\t\t\t\t\t<\/div>\n\t\t<\/div>\n\t\t\t<\/div>\n<\/article>\n<\/div><div class=\"grid-item metro-item  tp-col-lg-4 tp-col-md-4 tp-col-sm-6 tp-col-6  \"><article id=\"post-8527\" class=\"post-8527 page type-page status-publish hentry tag-pacientes\">\n\t<div class=\"blog-list-content\">\n\t\t\t\t\t\t\t\t\t<div class=\"post-content-image\">\n\t\t\t<a href=\"https:\/\/www.sophysa.com\/es\/pacientes\/que-es-la-hidrocefalia\/\">\n\t\t\t\t\t<div class=\"blog-featured-image \">\n\t<span class=\"thumb-wrap\">\n\t\t<img decoding=\"async\" src=\"https:\/\/www.sophysa.com\/wp-content\/plugins\/theplus_elementor_addon\/assets\/images\/placeholder-grid.jpg\" alt=\"\u00bfQu\u00e9 es la hidrocefalia?\">\t<\/span>\n\t<\/div>\n\t\t\t<\/a>\n\t\t\t\t\t\t<\/div>\n\t\t\t\t\t\t<div class=\"post-content-bottom\">\n\t\t\t\t\t\t<div class=\"post-metro-content\">\n\t\t\t\t<h3 class=\"post-title\">\n\t<a href=\"https:\/\/www.sophysa.com\/es\/pacientes\/que-es-la-hidrocefalia\/\" class=\"normal\">\u00bfQu\u00e9 es la hidrocefalia?<\/a>\n<\/h3>\n\t\t\t\t\t\t\t\t\t<div class=\"post-hover-content\">\n\t\t\t\t\t\t<div class=\"entry-content\">\n\t<p>Home \u00bfQu\u00e9 es la hidrocefalia? Un diagn\u00f3stico de hidrocefalia puede ser extremadamente preocupante. Sin...<\/p>\n<\/div>\n\t\t\t\t\t<\/div>\n\t\t\t\t\t\t\t\t\t\t\t<\/div>\n\t\t<\/div>\n\t\t\t<\/div>\n<\/article>\n<\/div><\/div><\/div>\t\t\t\t<\/div>\n\t\t\t\t<\/div>\n\t\t\t\t\t<\/div>\n\t\t<\/div>\n\t\t\t\t\t<\/div>\n\t\t<\/section>\n\t\t\t\t<\/div>\n\t\t","protected":false},"excerpt":{"rendered":"<p>Home Lorem ipsum How will I live with a CSF shunt? Accueil How will I live a CSF shunt? (FAQ) Most hydrocephalic patients will be&#8230; How to treat Hydrocephalus? Home How to treat Hydrocephalus? To control communicating hydrocephalus, surgery is the only truly&#8230; What is Hydrocephalus? Accueil What is Hydrocephalus? A diagnosis of Hydrocephalus can [&hellip;]<\/p>\n","protected":false},"author":1,"featured_media":0,"parent":0,"menu_order":0,"comment_status":"closed","ping_status":"closed","template":"","meta":{"_acf_changed":false,"footnotes":""},"categories":[],"tags":[],"class_list":["post-8557","page","type-page","status-publish","hentry"],"acf":[],"yoast_head":"<!-- This site is optimized with the Yoast SEO plugin v26.1 - https:\/\/yoast.com\/wordpress\/plugins\/seo\/ -->\n<title>Pacientes - Sophysa<\/title>\n<meta name=\"robots\" content=\"index, follow, max-snippet:-1, max-image-preview:large, max-video-preview:-1\" \/>\n<link rel=\"canonical\" href=\"https:\/\/www.sophysa.com\/es\/pacientes\/\" \/>\n<meta property=\"og:locale\" content=\"es_ES\" \/>\n<meta property=\"og:type\" content=\"article\" \/>\n<meta property=\"og:title\" content=\"Pacientes - Sophysa\" \/>\n<meta property=\"og:description\" content=\"Home Lorem ipsum How will I live with a CSF shunt? Accueil How will I live a CSF shunt? (FAQ) Most hydrocephalic patients will be&#8230; How to treat Hydrocephalus? Home How to treat Hydrocephalus? To control communicating hydrocephalus, surgery is the only truly&#8230; What is Hydrocephalus? Accueil What is Hydrocephalus? A diagnosis of Hydrocephalus can [&hellip;]\" \/>\n<meta property=\"og:url\" content=\"https:\/\/www.sophysa.com\/es\/pacientes\/\" \/>\n<meta property=\"og:site_name\" content=\"Sophysa\" \/>\n<meta property=\"article:modified_time\" content=\"2023-12-04T19:43:55+00:00\" \/>\n<meta property=\"og:image\" content=\"https:\/\/jj06obepgl.preview.infomaniak.website\/wp-content\/plugins\/theplus_elementor_addon\/assets\/images\/placeholder-grid.jpg\" \/>\n<meta name=\"twitter:card\" content=\"summary_large_image\" \/>\n<script type=\"application\/ld+json\" class=\"yoast-schema-graph\">{\"@context\":\"https:\/\/schema.org\",\"@graph\":[{\"@type\":\"WebPage\",\"@id\":\"https:\/\/www.sophysa.com\/es\/pacientes\/\",\"url\":\"https:\/\/www.sophysa.com\/es\/pacientes\/\",\"name\":\"Pacientes - Sophysa\",\"isPartOf\":{\"@id\":\"https:\/\/www.sophysa.com\/es\/#website\"},\"primaryImageOfPage\":{\"@id\":\"https:\/\/www.sophysa.com\/es\/pacientes\/#primaryimage\"},\"image\":{\"@id\":\"https:\/\/www.sophysa.com\/es\/pacientes\/#primaryimage\"},\"thumbnailUrl\":\"https:\/\/jj06obepgl.preview.infomaniak.website\/wp-content\/plugins\/theplus_elementor_addon\/assets\/images\/placeholder-grid.jpg\",\"datePublished\":\"2023-02-07T15:57:58+00:00\",\"dateModified\":\"2023-12-04T19:43:55+00:00\",\"breadcrumb\":{\"@id\":\"https:\/\/www.sophysa.com\/es\/pacientes\/#breadcrumb\"},\"inLanguage\":\"es\",\"potentialAction\":[{\"@type\":\"ReadAction\",\"target\":[\"https:\/\/www.sophysa.com\/es\/pacientes\/\"]}]},{\"@type\":\"ImageObject\",\"inLanguage\":\"es\",\"@id\":\"https:\/\/www.sophysa.com\/es\/pacientes\/#primaryimage\",\"url\":\"https:\/\/jj06obepgl.preview.infomaniak.website\/wp-content\/plugins\/theplus_elementor_addon\/assets\/images\/placeholder-grid.jpg\",\"contentUrl\":\"https:\/\/jj06obepgl.preview.infomaniak.website\/wp-content\/plugins\/theplus_elementor_addon\/assets\/images\/placeholder-grid.jpg\"},{\"@type\":\"BreadcrumbList\",\"@id\":\"https:\/\/www.sophysa.com\/es\/pacientes\/#breadcrumb\",\"itemListElement\":[{\"@type\":\"ListItem\",\"position\":1,\"name\":\"Inicio\",\"item\":\"https:\/\/www.sophysa.com\/es\/\"},{\"@type\":\"ListItem\",\"position\":2,\"name\":\"Pacientes\"}]},{\"@type\":\"WebSite\",\"@id\":\"https:\/\/www.sophysa.com\/es\/#website\",\"url\":\"https:\/\/www.sophysa.com\/es\/\",\"name\":\"Sophysa\",\"description\":\"\",\"publisher\":{\"@id\":\"https:\/\/www.sophysa.com\/es\/#organization\"},\"potentialAction\":[{\"@type\":\"SearchAction\",\"target\":{\"@type\":\"EntryPoint\",\"urlTemplate\":\"https:\/\/www.sophysa.com\/es\/?s={search_term_string}\"},\"query-input\":{\"@type\":\"PropertyValueSpecification\",\"valueRequired\":true,\"valueName\":\"search_term_string\"}}],\"inLanguage\":\"es\"},{\"@type\":\"Organization\",\"@id\":\"https:\/\/www.sophysa.com\/es\/#organization\",\"name\":\"Sophysa\",\"url\":\"https:\/\/www.sophysa.com\/es\/\",\"logo\":{\"@type\":\"ImageObject\",\"inLanguage\":\"es\",\"@id\":\"https:\/\/www.sophysa.com\/es\/#\/schema\/logo\/image\/\",\"url\":\"https:\/\/www.sophysa.com\/wp-content\/uploads\/2023\/02\/sophysa_logo_couleurs-1-1-jpg.webp\",\"contentUrl\":\"https:\/\/www.sophysa.com\/wp-content\/uploads\/2023\/02\/sophysa_logo_couleurs-1-1-jpg.webp\",\"width\":350,\"height\":91,\"caption\":\"Sophysa\"},\"image\":{\"@id\":\"https:\/\/www.sophysa.com\/es\/#\/schema\/logo\/image\/\"}}]}<\/script>\n<!-- \/ Yoast SEO plugin. -->","yoast_head_json":{"title":"Pacientes - Sophysa","robots":{"index":"index","follow":"follow","max-snippet":"max-snippet:-1","max-image-preview":"max-image-preview:large","max-video-preview":"max-video-preview:-1"},"canonical":"https:\/\/www.sophysa.com\/es\/pacientes\/","og_locale":"es_ES","og_type":"article","og_title":"Pacientes - Sophysa","og_description":"Home Lorem ipsum How will I live with a CSF shunt? Accueil How will I live a CSF shunt? (FAQ) Most hydrocephalic patients will be&#8230; How to treat Hydrocephalus? Home How to treat Hydrocephalus? To control communicating hydrocephalus, surgery is the only truly&#8230; What is Hydrocephalus? Accueil What is Hydrocephalus? A diagnosis of Hydrocephalus can [&hellip;]","og_url":"https:\/\/www.sophysa.com\/es\/pacientes\/","og_site_name":"Sophysa","article_modified_time":"2023-12-04T19:43:55+00:00","og_image":[{"url":"https:\/\/jj06obepgl.preview.infomaniak.website\/wp-content\/plugins\/theplus_elementor_addon\/assets\/images\/placeholder-grid.jpg","type":"","width":"","height":""}],"twitter_card":"summary_large_image","schema":{"@context":"https:\/\/schema.org","@graph":[{"@type":"WebPage","@id":"https:\/\/www.sophysa.com\/es\/pacientes\/","url":"https:\/\/www.sophysa.com\/es\/pacientes\/","name":"Pacientes - Sophysa","isPartOf":{"@id":"https:\/\/www.sophysa.com\/es\/#website"},"primaryImageOfPage":{"@id":"https:\/\/www.sophysa.com\/es\/pacientes\/#primaryimage"},"image":{"@id":"https:\/\/www.sophysa.com\/es\/pacientes\/#primaryimage"},"thumbnailUrl":"https:\/\/jj06obepgl.preview.infomaniak.website\/wp-content\/plugins\/theplus_elementor_addon\/assets\/images\/placeholder-grid.jpg","datePublished":"2023-02-07T15:57:58+00:00","dateModified":"2023-12-04T19:43:55+00:00","breadcrumb":{"@id":"https:\/\/www.sophysa.com\/es\/pacientes\/#breadcrumb"},"inLanguage":"es","potentialAction":[{"@type":"ReadAction","target":["https:\/\/www.sophysa.com\/es\/pacientes\/"]}]},{"@type":"ImageObject","inLanguage":"es","@id":"https:\/\/www.sophysa.com\/es\/pacientes\/#primaryimage","url":"https:\/\/jj06obepgl.preview.infomaniak.website\/wp-content\/plugins\/theplus_elementor_addon\/assets\/images\/placeholder-grid.jpg","contentUrl":"https:\/\/jj06obepgl.preview.infomaniak.website\/wp-content\/plugins\/theplus_elementor_addon\/assets\/images\/placeholder-grid.jpg"},{"@type":"BreadcrumbList","@id":"https:\/\/www.sophysa.com\/es\/pacientes\/#breadcrumb","itemListElement":[{"@type":"ListItem","position":1,"name":"Inicio","item":"https:\/\/www.sophysa.com\/es\/"},{"@type":"ListItem","position":2,"name":"Pacientes"}]},{"@type":"WebSite","@id":"https:\/\/www.sophysa.com\/es\/#website","url":"https:\/\/www.sophysa.com\/es\/","name":"Sophysa","description":"","publisher":{"@id":"https:\/\/www.sophysa.com\/es\/#organization"},"potentialAction":[{"@type":"SearchAction","target":{"@type":"EntryPoint","urlTemplate":"https:\/\/www.sophysa.com\/es\/?s={search_term_string}"},"query-input":{"@type":"PropertyValueSpecification","valueRequired":true,"valueName":"search_term_string"}}],"inLanguage":"es"},{"@type":"Organization","@id":"https:\/\/www.sophysa.com\/es\/#organization","name":"Sophysa","url":"https:\/\/www.sophysa.com\/es\/","logo":{"@type":"ImageObject","inLanguage":"es","@id":"https:\/\/www.sophysa.com\/es\/#\/schema\/logo\/image\/","url":"https:\/\/www.sophysa.com\/wp-content\/uploads\/2023\/02\/sophysa_logo_couleurs-1-1-jpg.webp","contentUrl":"https:\/\/www.sophysa.com\/wp-content\/uploads\/2023\/02\/sophysa_logo_couleurs-1-1-jpg.webp","width":350,"height":91,"caption":"Sophysa"},"image":{"@id":"https:\/\/www.sophysa.com\/es\/#\/schema\/logo\/image\/"}}]}},"_links":{"self":[{"href":"https:\/\/www.sophysa.com\/es\/wp-json\/wp\/v2\/pages\/8557","targetHints":{"allow":["GET"]}}],"collection":[{"href":"https:\/\/www.sophysa.com\/es\/wp-json\/wp\/v2\/pages"}],"about":[{"href":"https:\/\/www.sophysa.com\/es\/wp-json\/wp\/v2\/types\/page"}],"author":[{"embeddable":true,"href":"https:\/\/www.sophysa.com\/es\/wp-json\/wp\/v2\/users\/1"}],"replies":[{"embeddable":true,"href":"https:\/\/www.sophysa.com\/es\/wp-json\/wp\/v2\/comments?post=8557"}],"version-history":[{"count":1,"href":"https:\/\/www.sophysa.com\/es\/wp-json\/wp\/v2\/pages\/8557\/revisions"}],"predecessor-version":[{"id":8558,"href":"https:\/\/www.sophysa.com\/es\/wp-json\/wp\/v2\/pages\/8557\/revisions\/8558"}],"wp:attachment":[{"href":"https:\/\/www.sophysa.com\/es\/wp-json\/wp\/v2\/media?parent=8557"}],"wp:term":[{"taxonomy":"category","embeddable":true,"href":"https:\/\/www.sophysa.com\/es\/wp-json\/wp\/v2\/categories?post=8557"},{"taxonomy":"post_tag","embeddable":true,"href":"https:\/\/www.sophysa.com\/es\/wp-json\/wp\/v2\/tags?post=8557"}],"curies":[{"name":"wp","href":"https:\/\/api.w.org\/{rel}","templated":true}]}}