{"id":8515,"date":"2023-07-10T10:42:25","date_gmt":"2023-07-10T08:42:25","guid":{"rendered":"https:\/\/jj06obepgl.preview.infomaniak.website\/menciones-legales\/"},"modified":"2023-12-04T16:19:25","modified_gmt":"2023-12-04T15:19:25","slug":"menciones-legales","status":"publish","type":"page","link":"https:\/\/www.sophysa.com\/es\/menciones-legales\/","title":{"rendered":"Menciones legales"},"content":{"rendered":"\t\t<div data-elementor-type=\"wp-page\" data-elementor-id=\"8515\" class=\"elementor elementor-8515 elementor-7590\" data-elementor-post-type=\"page\">\n\t\t\t\t\t\t<section class=\"elementor-section elementor-top-section elementor-element elementor-element-119733b elementor-section-boxed elementor-section-height-default elementor-section-height-default\" data-id=\"119733b\" data-element_type=\"section\">\n\t\t\t\t\t\t<div class=\"elementor-container elementor-column-gap-default\">\n\t\t\t\t\t<div class=\"elementor-column elementor-col-100 elementor-top-column elementor-element elementor-element-c0b40af\" data-id=\"c0b40af\" data-element_type=\"column\">\n\t\t\t<div class=\"elementor-widget-wrap elementor-element-populated\">\n\t\t\t\t\t\t<div class=\"elementor-element elementor-element-d1521de elementor-widget elementor-widget-breadcrumbs\" data-id=\"d1521de\" data-element_type=\"widget\" data-widget_type=\"breadcrumbs.default\">\n\t\t\t\t<div class=\"elementor-widget-container\">\n\t\t\t\t\t<p id=\"breadcrumbs\"><span><span><a href=\"https:\/\/www.sophysa.com\/es\/\">Inicio<\/a><\/span><\/span><\/p>\t\t\t\t<\/div>\n\t\t\t\t<\/div>\n\t\t\t\t\t<\/div>\n\t\t<\/div>\n\t\t\t\t\t<\/div>\n\t\t<\/section>\n\t\t\t\t<section class=\"elementor-section elementor-top-section elementor-element elementor-element-dec1511 elementor-section-boxed elementor-section-height-default elementor-section-height-default\" data-id=\"dec1511\" data-element_type=\"section\">\n\t\t\t\t\t\t<div class=\"elementor-container elementor-column-gap-default\">\n\t\t\t\t\t<div class=\"elementor-column elementor-col-100 elementor-top-column elementor-element elementor-element-1419cb7\" data-id=\"1419cb7\" data-element_type=\"column\">\n\t\t\t<div class=\"elementor-widget-wrap elementor-element-populated\">\n\t\t\t\t\t\t<div class=\"elementor-element elementor-element-c1cef3f elementor-widget elementor-widget-heading\" data-id=\"c1cef3f\" data-element_type=\"widget\" data-widget_type=\"heading.default\">\n\t\t\t\t<div class=\"elementor-widget-container\">\n\t\t\t\t\t<h2 class=\"elementor-heading-title elementor-size-default\">Menciones legales<\/h2>\t\t\t\t<\/div>\n\t\t\t\t<\/div>\n\t\t\t\t<div class=\"elementor-element elementor-element-6e446e3 animated-slow elementor-widget-divider--view-line elementor-widget elementor-widget-divider\" data-id=\"6e446e3\" data-element_type=\"widget\" data-settings=\"{&quot;motion_fx_motion_fx_scrolling&quot;:&quot;yes&quot;,&quot;_animation&quot;:&quot;none&quot;,&quot;motion_fx_devices&quot;:[&quot;desktop&quot;,&quot;tablet_extra&quot;,&quot;tablet&quot;,&quot;mobile&quot;]}\" data-widget_type=\"divider.default\">\n\t\t\t\t<div class=\"elementor-widget-container\">\n\t\t\t\t\t\t\t<div class=\"elementor-divider\">\n\t\t\t<span class=\"elementor-divider-separator\">\n\t\t\t\t\t\t<\/span>\n\t\t<\/div>\n\t\t\t\t\t\t<\/div>\n\t\t\t\t<\/div>\n\t\t\t\t\t<\/div>\n\t\t<\/div>\n\t\t\t\t\t<\/div>\n\t\t<\/section>\n\t\t\t\t<section class=\"elementor-section elementor-top-section elementor-element elementor-element-0097929 elementor-section-boxed elementor-section-height-default elementor-section-height-default\" data-id=\"0097929\" data-element_type=\"section\">\n\t\t\t\t\t\t<div class=\"elementor-container elementor-column-gap-default\">\n\t\t\t\t\t<div class=\"elementor-column elementor-col-100 elementor-top-column elementor-element elementor-element-c6fa031\" data-id=\"c6fa031\" data-element_type=\"column\">\n\t\t\t<div class=\"elementor-widget-wrap elementor-element-populated\">\n\t\t\t\t\t\t<div class=\"elementor-element elementor-element-93327e8 elementor-widget elementor-widget-text-editor\" data-id=\"93327e8\" data-element_type=\"widget\" data-widget_type=\"text-editor.default\">\n\t\t\t\t<div class=\"elementor-widget-container\">\n\t\t\t\t\t\t\t\t\t<section class=\"section\">\n<div class=\"container\">\n<div class=\"cms\">\n<p><strong>I &#8211; Aviso jur\u00eddico  <\/strong><\/p>\n<p><u>Propietario del sitio web<\/u>:<br \/>Sophysa<br \/>5, rue Guy-M\u00f4quet<br \/>91400 Orsay &#8211; FRANCIA<br \/>Tel\u00e9fono. : +33(0)1 69 35 35 00<\/p>\n<p>Sophysa es una sociedad an\u00f3nima, con un capital social de 500.000 euros, inscrita en el RCS (Registro Mercantil y de Sociedades) de Evry, con el n\u00famero B 306 979 584.<\/p>\n<p><strong>II &#8211; Finalidad de este sitio web<\/strong><\/p>\n<p>Con esta p\u00e1gina web, el objetivo de Sophysa es ofrecer una visi\u00f3n global de sus gamas de productos y de las necesidades del mercado a las que responden. Sophysa proporciona acceso a sus datos internacionales, que pueden contener referencias a marcas y productos de Sophysa que podr\u00edan no estar disponibles en su pa\u00eds. Estas referencias no implican que Sophysa pretenda comercializar dichos productos en su pa\u00eds. Si desea m\u00e1s informaci\u00f3n, p\u00f3ngase en contacto con Sophysa en el n\u00famero de tel\u00e9fono indicado m\u00e1s arriba o en <a href=\"mailto:contact@sophysa.com\">contact@sophysa.com.<\/a><\/p>\n<p><strong>III &#8211; Derechos de autor y propiedad intelectual<\/strong><\/p>\n<p>Todos los contenidos de esta p\u00e1gina de Internet son propiedad o est\u00e1n bajo el control de Sophysa y est\u00e1n protegidos por las leyes mundiales de derechos de autor. Puede descargar contenidos \u00fanicamente para su uso personal con fines no comerciales, pero no est\u00e1 permitida ninguna modificaci\u00f3n ni reproducci\u00f3n posterior de los mismos. El contenido no puede copiarse ni utilizarse de ninguna manera. Las marcas, nombres comerciales y productos de este sitio web est\u00e1n protegidos internacionalmente. No se podr\u00e1 hacer uso de ninguno de ellos sin la autorizaci\u00f3n previa por escrito de los propietarios de este sitio, salvo para identificar los productos o servicios de la empresa.<\/p>\n<p><strong>IV &#8211; Enlaces de hipertexto<\/strong><\/p>\n<p>Este sitio puede contener enlaces o referencias a otros sitios web. Tenga en cuenta que no controlamos otros sitios web y que, en cualquier caso, el presente Aviso Legal no se aplica a dichos sitios web. Le recomendamos que lea el Aviso Legal de cada sitio web que visite. Con el acuerdo previo por escrito de Sophysa, el uso de enlaces de hipertexto que apunten hacia la p\u00e1gina web de Sophysa es posible para todas las p\u00e1ginas web de Internet, con exclusi\u00f3n de aquellas que difundan informaci\u00f3n racista, pornogr\u00e1fica, xen\u00f3foba o, de manera m\u00e1s general, susceptible de herir la sensibilidad de las personas. Queda terminantemente prohibido el framing del presente sitio web por parte de otros sitios ajenos al grupo Tokibo.<\/p>\n<p><strong>V &#8211; Limitaci\u00f3n de responsabilidad<\/strong><\/p>\n<p>Los propietarios de este sitio se esforzar\u00e1n razonablemente por incluir informaci\u00f3n actualizada y exacta en este sitio de Internet, pero no se responsabilizan, garantizan ni aseguran la exactitud, vigencia o integridad de la informaci\u00f3n proporcionada. Los propietarios de este sitio no ser\u00e1n responsables de ning\u00fan da\u00f1o o perjuicio resultante de su acceso o imposibilidad de acceso a este sitio de Internet, o de su confianza en cualquier informaci\u00f3n proporcionada como mera conveniencia para los usuarios de este sitio de Internet.<\/p>\n<p><strong>VI &#8211; Contactos<\/strong><\/p>\n<p>Si tiene alguna pregunta, comentario o duda sobre el Aviso Legal o las pr\u00e1cticas de informaci\u00f3n de este sitio, p\u00f3ngase en contacto con nosotros de la siguiente manera: <a href=\"mailto:contact@sophysa.com\">contact@sophysa.com.<\/a><\/p>\n<p><u>Alojamiento del sitio:<\/u><br \/>INFOMANIAK NETWORK SA &#8211; 26, Avenue de la Praille &#8211; 1227 Carouge | Gen\u00e8ve &#8211; SUISSE<br \/>T\u00e9l.<br \/>\n: +41 22 820 35 44 &#8211; Fax : +41 22 301 67 69 <br \/>Correo electr\u00f3nico : contact@infomaniak.ch<br \/>P\u00e1gina web : www.infomaniak.ch<\/p>\n<\/div>\n<\/div>\n<\/section>\n\t\t\t\t\t\t\t\t<\/div>\n\t\t\t\t<\/div>\n\t\t\t\t\t<\/div>\n\t\t<\/div>\n\t\t\t\t\t<\/div>\n\t\t<\/section>\n\t\t\t\t<\/div>\n\t\t","protected":false},"excerpt":{"rendered":"<p>Menciones legales I &#8211; Aviso jur\u00eddico Propietario del sitio web:Sophysa5, rue Guy-M\u00f4quet91400 Orsay &#8211; FRANCIATel\u00e9fono. : +33(0)1 69 35 35 00 Sophysa es una sociedad an\u00f3nima, con un capital social de 500.000 euros, inscrita en el RCS (Registro Mercantil y de Sociedades) de Evry, con el n\u00famero B 306 979 584. II &#8211; Finalidad de [&hellip;]<\/p>\n","protected":false},"author":1,"featured_media":0,"parent":0,"menu_order":0,"comment_status":"closed","ping_status":"closed","template":"","meta":{"_acf_changed":false,"footnotes":""},"categories":[],"tags":[],"class_list":["post-8515","page","type-page","status-publish","hentry"],"acf":[],"yoast_head":"<!-- This site is optimized with the Yoast SEO plugin v26.1 - https:\/\/yoast.com\/wordpress\/plugins\/seo\/ -->\n<title>Menciones legales - Sophysa<\/title>\n<meta name=\"robots\" content=\"index, follow, max-snippet:-1, max-image-preview:large, max-video-preview:-1\" \/>\n<link rel=\"canonical\" href=\"https:\/\/www.sophysa.com\/es\/menciones-legales\/\" \/>\n<meta property=\"og:locale\" content=\"es_ES\" \/>\n<meta property=\"og:type\" content=\"article\" \/>\n<meta property=\"og:title\" content=\"Menciones legales - Sophysa\" \/>\n<meta property=\"og:description\" content=\"Menciones legales I &#8211; Aviso jur\u00eddico Propietario del sitio web:Sophysa5, rue Guy-M\u00f4quet91400 Orsay &#8211; FRANCIATel\u00e9fono. : +33(0)1 69 35 35 00 Sophysa es una sociedad an\u00f3nima, con un capital social de 500.000 euros, inscrita en el RCS (Registro Mercantil y de Sociedades) de Evry, con el n\u00famero B 306 979 584. II &#8211; Finalidad de [&hellip;]\" \/>\n<meta property=\"og:url\" content=\"https:\/\/www.sophysa.com\/es\/menciones-legales\/\" \/>\n<meta property=\"og:site_name\" content=\"Sophysa\" \/>\n<meta property=\"article:modified_time\" content=\"2023-12-04T15:19:25+00:00\" \/>\n<meta name=\"twitter:card\" content=\"summary_large_image\" \/>\n<meta name=\"twitter:label1\" content=\"Tiempo de lectura\" \/>\n\t<meta name=\"twitter:data1\" content=\"3 minutos\" \/>\n<script type=\"application\/ld+json\" class=\"yoast-schema-graph\">{\"@context\":\"https:\/\/schema.org\",\"@graph\":[{\"@type\":\"WebPage\",\"@id\":\"https:\/\/www.sophysa.com\/es\/menciones-legales\/\",\"url\":\"https:\/\/www.sophysa.com\/es\/menciones-legales\/\",\"name\":\"Menciones legales - Sophysa\",\"isPartOf\":{\"@id\":\"https:\/\/www.sophysa.com\/es\/#website\"},\"datePublished\":\"2023-07-10T08:42:25+00:00\",\"dateModified\":\"2023-12-04T15:19:25+00:00\",\"breadcrumb\":{\"@id\":\"https:\/\/www.sophysa.com\/es\/menciones-legales\/#breadcrumb\"},\"inLanguage\":\"es\",\"potentialAction\":[{\"@type\":\"ReadAction\",\"target\":[\"https:\/\/www.sophysa.com\/es\/menciones-legales\/\"]}]},{\"@type\":\"BreadcrumbList\",\"@id\":\"https:\/\/www.sophysa.com\/es\/menciones-legales\/#breadcrumb\",\"itemListElement\":[{\"@type\":\"ListItem\",\"position\":1,\"name\":\"Inicio\",\"item\":\"https:\/\/www.sophysa.com\/es\/\"},{\"@type\":\"ListItem\",\"position\":2,\"name\":\"Menciones legales\"}]},{\"@type\":\"WebSite\",\"@id\":\"https:\/\/www.sophysa.com\/es\/#website\",\"url\":\"https:\/\/www.sophysa.com\/es\/\",\"name\":\"Sophysa\",\"description\":\"\",\"publisher\":{\"@id\":\"https:\/\/www.sophysa.com\/es\/#organization\"},\"potentialAction\":[{\"@type\":\"SearchAction\",\"target\":{\"@type\":\"EntryPoint\",\"urlTemplate\":\"https:\/\/www.sophysa.com\/es\/?s={search_term_string}\"},\"query-input\":{\"@type\":\"PropertyValueSpecification\",\"valueRequired\":true,\"valueName\":\"search_term_string\"}}],\"inLanguage\":\"es\"},{\"@type\":\"Organization\",\"@id\":\"https:\/\/www.sophysa.com\/es\/#organization\",\"name\":\"Sophysa\",\"url\":\"https:\/\/www.sophysa.com\/es\/\",\"logo\":{\"@type\":\"ImageObject\",\"inLanguage\":\"es\",\"@id\":\"https:\/\/www.sophysa.com\/es\/#\/schema\/logo\/image\/\",\"url\":\"https:\/\/www.sophysa.com\/wp-content\/uploads\/2023\/02\/sophysa_logo_couleurs-1-1-jpg.webp\",\"contentUrl\":\"https:\/\/www.sophysa.com\/wp-content\/uploads\/2023\/02\/sophysa_logo_couleurs-1-1-jpg.webp\",\"width\":350,\"height\":91,\"caption\":\"Sophysa\"},\"image\":{\"@id\":\"https:\/\/www.sophysa.com\/es\/#\/schema\/logo\/image\/\"}}]}<\/script>\n<!-- \/ Yoast SEO plugin. -->","yoast_head_json":{"title":"Menciones legales - Sophysa","robots":{"index":"index","follow":"follow","max-snippet":"max-snippet:-1","max-image-preview":"max-image-preview:large","max-video-preview":"max-video-preview:-1"},"canonical":"https:\/\/www.sophysa.com\/es\/menciones-legales\/","og_locale":"es_ES","og_type":"article","og_title":"Menciones legales - Sophysa","og_description":"Menciones legales I &#8211; Aviso jur\u00eddico Propietario del sitio web:Sophysa5, rue Guy-M\u00f4quet91400 Orsay &#8211; FRANCIATel\u00e9fono. : +33(0)1 69 35 35 00 Sophysa es una sociedad an\u00f3nima, con un capital social de 500.000 euros, inscrita en el RCS (Registro Mercantil y de Sociedades) de Evry, con el n\u00famero B 306 979 584. II &#8211; Finalidad de [&hellip;]","og_url":"https:\/\/www.sophysa.com\/es\/menciones-legales\/","og_site_name":"Sophysa","article_modified_time":"2023-12-04T15:19:25+00:00","twitter_card":"summary_large_image","twitter_misc":{"Tiempo de lectura":"3 minutos"},"schema":{"@context":"https:\/\/schema.org","@graph":[{"@type":"WebPage","@id":"https:\/\/www.sophysa.com\/es\/menciones-legales\/","url":"https:\/\/www.sophysa.com\/es\/menciones-legales\/","name":"Menciones legales - Sophysa","isPartOf":{"@id":"https:\/\/www.sophysa.com\/es\/#website"},"datePublished":"2023-07-10T08:42:25+00:00","dateModified":"2023-12-04T15:19:25+00:00","breadcrumb":{"@id":"https:\/\/www.sophysa.com\/es\/menciones-legales\/#breadcrumb"},"inLanguage":"es","potentialAction":[{"@type":"ReadAction","target":["https:\/\/www.sophysa.com\/es\/menciones-legales\/"]}]},{"@type":"BreadcrumbList","@id":"https:\/\/www.sophysa.com\/es\/menciones-legales\/#breadcrumb","itemListElement":[{"@type":"ListItem","position":1,"name":"Inicio","item":"https:\/\/www.sophysa.com\/es\/"},{"@type":"ListItem","position":2,"name":"Menciones legales"}]},{"@type":"WebSite","@id":"https:\/\/www.sophysa.com\/es\/#website","url":"https:\/\/www.sophysa.com\/es\/","name":"Sophysa","description":"","publisher":{"@id":"https:\/\/www.sophysa.com\/es\/#organization"},"potentialAction":[{"@type":"SearchAction","target":{"@type":"EntryPoint","urlTemplate":"https:\/\/www.sophysa.com\/es\/?s={search_term_string}"},"query-input":{"@type":"PropertyValueSpecification","valueRequired":true,"valueName":"search_term_string"}}],"inLanguage":"es"},{"@type":"Organization","@id":"https:\/\/www.sophysa.com\/es\/#organization","name":"Sophysa","url":"https:\/\/www.sophysa.com\/es\/","logo":{"@type":"ImageObject","inLanguage":"es","@id":"https:\/\/www.sophysa.com\/es\/#\/schema\/logo\/image\/","url":"https:\/\/www.sophysa.com\/wp-content\/uploads\/2023\/02\/sophysa_logo_couleurs-1-1-jpg.webp","contentUrl":"https:\/\/www.sophysa.com\/wp-content\/uploads\/2023\/02\/sophysa_logo_couleurs-1-1-jpg.webp","width":350,"height":91,"caption":"Sophysa"},"image":{"@id":"https:\/\/www.sophysa.com\/es\/#\/schema\/logo\/image\/"}}]}},"_links":{"self":[{"href":"https:\/\/www.sophysa.com\/es\/wp-json\/wp\/v2\/pages\/8515","targetHints":{"allow":["GET"]}}],"collection":[{"href":"https:\/\/www.sophysa.com\/es\/wp-json\/wp\/v2\/pages"}],"about":[{"href":"https:\/\/www.sophysa.com\/es\/wp-json\/wp\/v2\/types\/page"}],"author":[{"embeddable":true,"href":"https:\/\/www.sophysa.com\/es\/wp-json\/wp\/v2\/users\/1"}],"replies":[{"embeddable":true,"href":"https:\/\/www.sophysa.com\/es\/wp-json\/wp\/v2\/comments?post=8515"}],"version-history":[{"count":1,"href":"https:\/\/www.sophysa.com\/es\/wp-json\/wp\/v2\/pages\/8515\/revisions"}],"predecessor-version":[{"id":8516,"href":"https:\/\/www.sophysa.com\/es\/wp-json\/wp\/v2\/pages\/8515\/revisions\/8516"}],"wp:attachment":[{"href":"https:\/\/www.sophysa.com\/es\/wp-json\/wp\/v2\/media?parent=8515"}],"wp:term":[{"taxonomy":"category","embeddable":true,"href":"https:\/\/www.sophysa.com\/es\/wp-json\/wp\/v2\/categories?post=8515"},{"taxonomy":"post_tag","embeddable":true,"href":"https:\/\/www.sophysa.com\/es\/wp-json\/wp\/v2\/tags?post=8515"}],"curies":[{"name":"wp","href":"https:\/\/api.w.org\/{rel}","templated":true}]}}